{"id":2212,"date":"2023-10-03T07:46:37","date_gmt":"2023-10-03T07:46:37","guid":{"rendered":"https:\/\/offenbachgroup.com\/?page_id=2212"},"modified":"2026-03-03T08:34:26","modified_gmt":"2026-03-03T08:34:26","slug":"about-us","status":"publish","type":"page","link":"https:\/\/offenbachgroup.com\/it\/about-us\/","title":{"rendered":"Chi siamo"},"content":{"rendered":"<div data-elementor-type=\"wp-page\" data-elementor-id=\"2212\" class=\"elementor elementor-2212\" data-elementor-post-type=\"page\">\n\t\t\t\t\t\t<section class=\"elementor-section elementor-top-section elementor-element elementor-element-788b40f elementor-section-boxed elementor-section-height-default elementor-section-height-default\" data-id=\"788b40f\" data-element_type=\"section\" data-e-type=\"section\">\n\t\t\t\t\t\t<div class=\"elementor-container elementor-column-gap-default\">\n\t\t\t\t\t<div class=\"elementor-column elementor-col-100 elementor-top-column elementor-element elementor-element-f889a9b\" data-id=\"f889a9b\" data-element_type=\"column\" data-e-type=\"column\">\n\t\t\t<div class=\"elementor-widget-wrap elementor-element-populated\">\n\t\t\t\t\t\t<div class=\"elementor-element elementor-element-89aaf6c elementor-widget elementor-widget-heading\" data-id=\"89aaf6c\" data-element_type=\"widget\" data-e-type=\"widget\" data-widget_type=\"heading.default\">\n\t\t\t\t<div class=\"elementor-widget-container\">\n\t\t\t\t\t<h2 class=\"elementor-heading-title elementor-size-default\">Chi siamo<\/h2>\t\t\t\t<\/div>\n\t\t\t\t<\/div>\n\t\t\t\t\t<\/div>\n\t\t<\/div>\n\t\t\t\t\t<\/div>\n\t\t<\/section>\n\t\t\t\t<section class=\"elementor-section elementor-top-section elementor-element elementor-element-46230f3 elementor-section-boxed elementor-section-height-default elementor-section-height-default\" data-id=\"46230f3\" data-element_type=\"section\" data-e-type=\"section\">\n\t\t\t\t\t\t<div class=\"elementor-container elementor-column-gap-default\">\n\t\t\t\t\t<div class=\"elementor-column elementor-col-50 elementor-top-column elementor-element elementor-element-dd2e57e\" data-id=\"dd2e57e\" data-element_type=\"column\" data-e-type=\"column\">\n\t\t\t<div class=\"elementor-widget-wrap elementor-element-populated\">\n\t\t\t\t\t\t<div class=\"elementor-element elementor-element-cac684c elementor-widget elementor-widget-image\" data-id=\"cac684c\" data-element_type=\"widget\" data-e-type=\"widget\" data-widget_type=\"image.default\">\n\t\t\t\t<div class=\"elementor-widget-container\">\n\t\t\t\t\t\t\t\t\t\t\t\t\t\t\t<img fetchpriority=\"high\" decoding=\"async\" width=\"1170\" height=\"469\" src=\"https:\/\/offenbachgroup.com\/wp-content\/uploads\/2026\/02\/Ontwerp-zonder-titel-21.jpg\" class=\"attachment-full size-full wp-image-3857\" alt=\"\" srcset=\"https:\/\/offenbachgroup.com\/wp-content\/uploads\/2026\/02\/Ontwerp-zonder-titel-21.jpg 1170w, https:\/\/offenbachgroup.com\/wp-content\/uploads\/2026\/02\/Ontwerp-zonder-titel-21-300x120.jpg 300w, https:\/\/offenbachgroup.com\/wp-content\/uploads\/2026\/02\/Ontwerp-zonder-titel-21-1024x410.jpg 1024w, https:\/\/offenbachgroup.com\/wp-content\/uploads\/2026\/02\/Ontwerp-zonder-titel-21-768x308.jpg 768w, https:\/\/offenbachgroup.com\/wp-content\/uploads\/2026\/02\/Ontwerp-zonder-titel-21-18x7.jpg 18w\" sizes=\"(max-width: 1170px) 100vw, 1170px\" \/>\t\t\t\t\t\t\t\t\t\t\t\t\t\t\t<\/div>\n\t\t\t\t<\/div>\n\t\t\t\t<div class=\"elementor-element elementor-element-ee69559 elementor-widget-divider--view-line elementor-widget elementor-widget-divider\" data-id=\"ee69559\" data-element_type=\"widget\" data-e-type=\"widget\" data-widget_type=\"divider.default\">\n\t\t\t\t<div class=\"elementor-widget-container\">\n\t\t\t\t\t\t\t<div class=\"elementor-divider\">\n\t\t\t<span class=\"elementor-divider-separator\">\n\t\t\t\t\t\t<\/span>\n\t\t<\/div>\n\t\t\t\t\t\t<\/div>\n\t\t\t\t<\/div>\n\t\t\t\t<div class=\"elementor-element elementor-element-15b1ccd elementor-widget elementor-widget-heading\" data-id=\"15b1ccd\" data-element_type=\"widget\" data-e-type=\"widget\" data-widget_type=\"heading.default\">\n\t\t\t\t<div class=\"elementor-widget-container\">\n\t\t\t\t\t<h3 class=\"elementor-heading-title elementor-size-default\">Sviluppo del marchio<\/h3>\t\t\t\t<\/div>\n\t\t\t\t<\/div>\n\t\t\t\t<div class=\"elementor-element elementor-element-c790953 elementor-widget-divider--view-line elementor-widget elementor-widget-divider\" data-id=\"c790953\" data-element_type=\"widget\" data-e-type=\"widget\" data-widget_type=\"divider.default\">\n\t\t\t\t<div class=\"elementor-widget-container\">\n\t\t\t\t\t\t\t<div class=\"elementor-divider\">\n\t\t\t<span class=\"elementor-divider-separator\">\n\t\t\t\t\t\t<\/span>\n\t\t<\/div>\n\t\t\t\t\t\t<\/div>\n\t\t\t\t<\/div>\n\t\t\t\t<div class=\"elementor-element elementor-element-c2c0cd6 elementor-widget elementor-widget-text-editor\" data-id=\"c2c0cd6\" data-element_type=\"widget\" data-e-type=\"widget\" data-widget_type=\"text-editor.default\">\n\t\t\t\t<div class=\"elementor-widget-container\">\n\t\t\t\t\t\t\t\t\t<p>La crescita di marchi nel settore della gioielleria e degli accessori di moda richiede un coordinamento, un'esperienza e una perseveranza eccezionali, e noi del Gruppo Offenbach abbiamo pi\u00f9 di tre decenni di esperienza proprio in questo! Siamo il partner di fiducia di molti marchi in tutto il mondo, sia che si tratti di marchi appena avviati che di marchi gi\u00e0 sviluppati, sotto il nostro sostegno abbiamo visto prevalere l'innovazione e il successo. Inoltre, abbiamo utilizzato la nostra potenza produttiva e la nostra esperienza anche per i nostri stessi marchi e li abbiamo visti crescere.<\/p>\t\t\t\t\t\t\t\t<\/div>\n\t\t\t\t<\/div>\n\t\t\t\t\t<\/div>\n\t\t<\/div>\n\t\t\t\t<div class=\"elementor-column elementor-col-50 elementor-top-column elementor-element elementor-element-b41ec12\" data-id=\"b41ec12\" data-element_type=\"column\" data-e-type=\"column\">\n\t\t\t<div class=\"elementor-widget-wrap elementor-element-populated\">\n\t\t\t\t\t\t<div class=\"elementor-element elementor-element-dc404d4 elementor-widget elementor-widget-image\" data-id=\"dc404d4\" data-element_type=\"widget\" data-e-type=\"widget\" data-widget_type=\"image.default\">\n\t\t\t\t<div class=\"elementor-widget-container\">\n\t\t\t\t\t\t\t\t\t\t\t\t\t\t\t<img decoding=\"async\" width=\"1170\" height=\"469\" src=\"https:\/\/offenbachgroup.com\/wp-content\/uploads\/2022\/05\/product-portfolio-banner.jpg\" class=\"attachment-full size-full wp-image-123\" alt=\"\" srcset=\"https:\/\/offenbachgroup.com\/wp-content\/uploads\/2022\/05\/product-portfolio-banner.jpg 1170w, https:\/\/offenbachgroup.com\/wp-content\/uploads\/2022\/05\/product-portfolio-banner-300x120.jpg 300w, https:\/\/offenbachgroup.com\/wp-content\/uploads\/2022\/05\/product-portfolio-banner-1024x410.jpg 1024w, https:\/\/offenbachgroup.com\/wp-content\/uploads\/2022\/05\/product-portfolio-banner-768x308.jpg 768w\" sizes=\"(max-width: 1170px) 100vw, 1170px\" \/>\t\t\t\t\t\t\t\t\t\t\t\t\t\t\t<\/div>\n\t\t\t\t<\/div>\n\t\t\t\t<div class=\"elementor-element elementor-element-237e029 elementor-widget-divider--view-line elementor-widget elementor-widget-divider\" data-id=\"237e029\" data-element_type=\"widget\" data-e-type=\"widget\" data-widget_type=\"divider.default\">\n\t\t\t\t<div class=\"elementor-widget-container\">\n\t\t\t\t\t\t\t<div class=\"elementor-divider\">\n\t\t\t<span class=\"elementor-divider-separator\">\n\t\t\t\t\t\t<\/span>\n\t\t<\/div>\n\t\t\t\t\t\t<\/div>\n\t\t\t\t<\/div>\n\t\t\t\t<div class=\"elementor-element elementor-element-8becbee elementor-widget elementor-widget-heading\" data-id=\"8becbee\" data-element_type=\"widget\" data-e-type=\"widget\" data-widget_type=\"heading.default\">\n\t\t\t\t<div class=\"elementor-widget-container\">\n\t\t\t\t\t<h3 class=\"elementor-heading-title elementor-size-default\">Responsabilit\u00e0 aziendale<\/h3>\t\t\t\t<\/div>\n\t\t\t\t<\/div>\n\t\t\t\t<div class=\"elementor-element elementor-element-e43a8e9 elementor-widget-divider--view-line elementor-widget elementor-widget-divider\" data-id=\"e43a8e9\" data-element_type=\"widget\" data-e-type=\"widget\" data-widget_type=\"divider.default\">\n\t\t\t\t<div class=\"elementor-widget-container\">\n\t\t\t\t\t\t\t<div class=\"elementor-divider\">\n\t\t\t<span class=\"elementor-divider-separator\">\n\t\t\t\t\t\t<\/span>\n\t\t<\/div>\n\t\t\t\t\t\t<\/div>\n\t\t\t\t<\/div>\n\t\t\t\t<div class=\"elementor-element elementor-element-1ebb16e elementor-widget elementor-widget-text-editor\" data-id=\"1ebb16e\" data-element_type=\"widget\" data-e-type=\"widget\" data-widget_type=\"text-editor.default\">\n\t\t\t\t<div class=\"elementor-widget-container\">\n\t\t\t\t\t\t\t\t\t<p>Siamo consapevoli che il nostro settore ha un impatto sulla societ\u00e0 e sull'ambiente che ci circonda. Uno dei nostri pilastri aziendali \u00e8 la volont\u00e0 di contribuire a un futuro sostenibile. Ci sforziamo sempre di comunicare e incorporare i nostri valori fondamentali di fiducia, rispetto e responsabilit\u00e0 con i nostri produttori, subappaltatori, venditori e fornitori.<\/p>\t\t\t\t\t\t\t\t<\/div>\n\t\t\t\t<\/div>\n\t\t\t\t\t<\/div>\n\t\t<\/div>\n\t\t\t\t\t<\/div>\n\t\t<\/section>\n\t\t\t\t<section class=\"elementor-section elementor-top-section elementor-element elementor-element-cc42961 elementor-section-boxed elementor-section-height-default elementor-section-height-default\" data-id=\"cc42961\" data-element_type=\"section\" data-e-type=\"section\">\n\t\t\t\t\t\t<div class=\"elementor-container elementor-column-gap-default\">\n\t\t\t\t\t<div class=\"elementor-column elementor-col-50 elementor-top-column elementor-element elementor-element-4ee6352\" data-id=\"4ee6352\" data-element_type=\"column\" data-e-type=\"column\">\n\t\t\t<div class=\"elementor-widget-wrap elementor-element-populated\">\n\t\t\t\t\t\t<div class=\"elementor-element elementor-element-929a792 elementor-widget elementor-widget-image\" data-id=\"929a792\" data-element_type=\"widget\" data-e-type=\"widget\" data-widget_type=\"image.default\">\n\t\t\t\t<div class=\"elementor-widget-container\">\n\t\t\t\t\t\t\t\t\t\t\t\t\t\t\t<img decoding=\"async\" src=\"https:\/\/offenbachgroup.com\/wp-content\/uploads\/elementor\/thumbs\/2022_06_15_Offenbach_model48300-scaled-q44qupgdj8fvv49dxsb3kuetiaakdi5vba717ecxnk.jpg\" title=\"2022_06_15_Offenbach_model48300\" alt=\"2022_06_15_Offenbach_model48300\" loading=\"lazy\" \/>\t\t\t\t\t\t\t\t\t\t\t\t\t\t\t<\/div>\n\t\t\t\t<\/div>\n\t\t\t\t<div class=\"elementor-element elementor-element-6ca6056 elementor-widget-divider--view-line elementor-widget elementor-widget-divider\" data-id=\"6ca6056\" data-element_type=\"widget\" data-e-type=\"widget\" data-widget_type=\"divider.default\">\n\t\t\t\t<div class=\"elementor-widget-container\">\n\t\t\t\t\t\t\t<div class=\"elementor-divider\">\n\t\t\t<span class=\"elementor-divider-separator\">\n\t\t\t\t\t\t<\/span>\n\t\t<\/div>\n\t\t\t\t\t\t<\/div>\n\t\t\t\t<\/div>\n\t\t\t\t<div class=\"elementor-element elementor-element-08b153e elementor-widget elementor-widget-heading\" data-id=\"08b153e\" data-element_type=\"widget\" data-e-type=\"widget\" data-widget_type=\"heading.default\">\n\t\t\t\t<div class=\"elementor-widget-container\">\n\t\t\t\t\t<h3 class=\"elementor-heading-title elementor-size-default\">Portafoglio prodotti e design<\/h3>\t\t\t\t<\/div>\n\t\t\t\t<\/div>\n\t\t\t\t<div class=\"elementor-element elementor-element-53d2986 elementor-widget-divider--view-line elementor-widget elementor-widget-divider\" data-id=\"53d2986\" data-element_type=\"widget\" data-e-type=\"widget\" data-widget_type=\"divider.default\">\n\t\t\t\t<div class=\"elementor-widget-container\">\n\t\t\t\t\t\t\t<div class=\"elementor-divider\">\n\t\t\t<span class=\"elementor-divider-separator\">\n\t\t\t\t\t\t<\/span>\n\t\t<\/div>\n\t\t\t\t\t\t<\/div>\n\t\t\t\t<\/div>\n\t\t\t\t<div class=\"elementor-element elementor-element-1f0d908 elementor-widget elementor-widget-text-editor\" data-id=\"1f0d908\" data-element_type=\"widget\" data-e-type=\"widget\" data-widget_type=\"text-editor.default\">\n\t\t\t\t<div class=\"elementor-widget-container\">\n\t\t\t\t\t\t\t\t\t<p>Con il nostro team di professionisti creativi progettiamo i pi\u00f9 bei prodotti lifestyle. I nostri prodotti spaziano dai gioielli e orologi di moda, all'abbigliamento, alle calzature, ma anche agli accessori come borse e occhiali da sole. Quando i clienti hanno gi\u00e0 un marchio iconico, cerchiamo i prodotti che completano e aggiungono valore alla loro collezione esistente. Il Gruppo Offenbach impiega alcuni dei merchandiser pi\u00f9 esperti del settore per lavorare in modo efficiente con i proprietari dei marchi, i licenziatari e simili.<\/p>\t\t\t\t\t\t\t\t<\/div>\n\t\t\t\t<\/div>\n\t\t\t\t\t<\/div>\n\t\t<\/div>\n\t\t\t\t<div class=\"elementor-column elementor-col-50 elementor-top-column elementor-element elementor-element-e168a87\" data-id=\"e168a87\" data-element_type=\"column\" data-e-type=\"column\">\n\t\t\t<div class=\"elementor-widget-wrap elementor-element-populated\">\n\t\t\t\t\t\t<div class=\"elementor-element elementor-element-e88581d elementor-widget elementor-widget-image\" data-id=\"e88581d\" data-element_type=\"widget\" data-e-type=\"widget\" data-widget_type=\"image.default\">\n\t\t\t\t<div class=\"elementor-widget-container\">\n\t\t\t\t\t\t\t\t\t\t\t\t\t\t\t<img decoding=\"async\" width=\"1170\" height=\"469\" src=\"https:\/\/offenbachgroup.com\/wp-content\/uploads\/2022\/05\/quality-production-banner.jpg\" class=\"attachment-full size-full wp-image-124\" alt=\"\" srcset=\"https:\/\/offenbachgroup.com\/wp-content\/uploads\/2022\/05\/quality-production-banner.jpg 1170w, https:\/\/offenbachgroup.com\/wp-content\/uploads\/2022\/05\/quality-production-banner-300x120.jpg 300w, https:\/\/offenbachgroup.com\/wp-content\/uploads\/2022\/05\/quality-production-banner-1024x410.jpg 1024w, https:\/\/offenbachgroup.com\/wp-content\/uploads\/2022\/05\/quality-production-banner-768x308.jpg 768w\" sizes=\"(max-width: 1170px) 100vw, 1170px\" \/>\t\t\t\t\t\t\t\t\t\t\t\t\t\t\t<\/div>\n\t\t\t\t<\/div>\n\t\t\t\t<div class=\"elementor-element elementor-element-5314b0b elementor-widget-divider--view-line elementor-widget elementor-widget-divider\" data-id=\"5314b0b\" data-element_type=\"widget\" data-e-type=\"widget\" data-widget_type=\"divider.default\">\n\t\t\t\t<div class=\"elementor-widget-container\">\n\t\t\t\t\t\t\t<div class=\"elementor-divider\">\n\t\t\t<span class=\"elementor-divider-separator\">\n\t\t\t\t\t\t<\/span>\n\t\t<\/div>\n\t\t\t\t\t\t<\/div>\n\t\t\t\t<\/div>\n\t\t\t\t<div class=\"elementor-element elementor-element-fbe40c8 elementor-widget elementor-widget-heading\" data-id=\"fbe40c8\" data-element_type=\"widget\" data-e-type=\"widget\" data-widget_type=\"heading.default\">\n\t\t\t\t<div class=\"elementor-widget-container\">\n\t\t\t\t\t<h3 class=\"elementor-heading-title elementor-size-default\">Produzione di qualit\u00e0 ed efficienza<\/h3>\t\t\t\t<\/div>\n\t\t\t\t<\/div>\n\t\t\t\t<div class=\"elementor-element elementor-element-da6a48e elementor-widget-divider--view-line elementor-widget elementor-widget-divider\" data-id=\"da6a48e\" data-element_type=\"widget\" data-e-type=\"widget\" data-widget_type=\"divider.default\">\n\t\t\t\t<div class=\"elementor-widget-container\">\n\t\t\t\t\t\t\t<div class=\"elementor-divider\">\n\t\t\t<span class=\"elementor-divider-separator\">\n\t\t\t\t\t\t<\/span>\n\t\t<\/div>\n\t\t\t\t\t\t<\/div>\n\t\t\t\t<\/div>\n\t\t\t\t<div class=\"elementor-element elementor-element-3f9e783 elementor-widget elementor-widget-text-editor\" data-id=\"3f9e783\" data-element_type=\"widget\" data-e-type=\"widget\" data-widget_type=\"text-editor.default\">\n\t\t\t\t<div class=\"elementor-widget-container\">\n\t\t\t\t\t\t\t\t\t<p>La nostra rete di produzione \u00e8 vasta e variegata, con oltre 50 partner di produzione globali, ognuno dei quali \u00e8 tra i migliori nella propria specializzazione. La qualit\u00e0 e la velocit\u00e0 di consegna sono fondamentali quando si opera nel competitivo mercato dei prodotti di consumo della moda e noi le garantiamo lungo l'intera catena di fornitura: selezione delle materie prime utilizzate, ispezione dei processi produttivi, rigoroso controllo qualit\u00e0 dei prodotti, etichettatura, imballaggio e trasporto. Per completare l'adempimento, offriamo anche servizi di magazzinaggio e drop shipping.<\/p>\t\t\t\t\t\t\t\t<\/div>\n\t\t\t\t<\/div>\n\t\t\t\t\t<\/div>\n\t\t<\/div>\n\t\t\t\t\t<\/div>\n\t\t<\/section>\n\t\t\t\t<section class=\"elementor-section elementor-top-section elementor-element elementor-element-0fab588 elementor-section-boxed elementor-section-height-default elementor-section-height-default\" data-id=\"0fab588\" data-element_type=\"section\" data-e-type=\"section\">\n\t\t\t\t\t\t<div class=\"elementor-container elementor-column-gap-default\">\n\t\t\t\t\t<div class=\"elementor-column elementor-col-50 elementor-top-column elementor-element elementor-element-fd98c7b\" data-id=\"fd98c7b\" data-element_type=\"column\" data-e-type=\"column\">\n\t\t\t<div class=\"elementor-widget-wrap elementor-element-populated\">\n\t\t\t\t\t\t<div class=\"elementor-element elementor-element-ab12cda elementor-widget elementor-widget-image\" data-id=\"ab12cda\" data-element_type=\"widget\" data-e-type=\"widget\" data-widget_type=\"image.default\">\n\t\t\t\t<div class=\"elementor-widget-container\">\n\t\t\t\t\t\t\t\t\t\t\t\t\t\t\t<img decoding=\"async\" src=\"https:\/\/offenbachgroup.com\/wp-content\/uploads\/elementor\/thumbs\/Beurzen-rjyft4ub7zv5ilsdrz2lti69kfjugk44zcmdbky8gw.jpg\" title=\"Beurzen\" alt=\"Beurzen\" loading=\"lazy\" \/>\t\t\t\t\t\t\t\t\t\t\t\t\t\t\t<\/div>\n\t\t\t\t<\/div>\n\t\t\t\t<div class=\"elementor-element elementor-element-c87bbc1 elementor-widget-divider--view-line elementor-widget elementor-widget-divider\" data-id=\"c87bbc1\" data-element_type=\"widget\" data-e-type=\"widget\" data-widget_type=\"divider.default\">\n\t\t\t\t<div class=\"elementor-widget-container\">\n\t\t\t\t\t\t\t<div class=\"elementor-divider\">\n\t\t\t<span class=\"elementor-divider-separator\">\n\t\t\t\t\t\t<\/span>\n\t\t<\/div>\n\t\t\t\t\t\t<\/div>\n\t\t\t\t<\/div>\n\t\t\t\t<div class=\"elementor-element elementor-element-06e0804 elementor-widget elementor-widget-heading\" data-id=\"06e0804\" data-element_type=\"widget\" data-e-type=\"widget\" data-widget_type=\"heading.default\">\n\t\t\t\t<div class=\"elementor-widget-container\">\n\t\t\t\t\t<h3 class=\"elementor-heading-title elementor-size-default\">Fiere<\/h3>\t\t\t\t<\/div>\n\t\t\t\t<\/div>\n\t\t\t\t<div class=\"elementor-element elementor-element-2b401f4 elementor-widget-divider--view-line elementor-widget elementor-widget-divider\" data-id=\"2b401f4\" data-element_type=\"widget\" data-e-type=\"widget\" data-widget_type=\"divider.default\">\n\t\t\t\t<div class=\"elementor-widget-container\">\n\t\t\t\t\t\t\t<div class=\"elementor-divider\">\n\t\t\t<span class=\"elementor-divider-separator\">\n\t\t\t\t\t\t<\/span>\n\t\t<\/div>\n\t\t\t\t\t\t<\/div>\n\t\t\t\t<\/div>\n\t\t\t\t<div class=\"elementor-element elementor-element-48d0ea1 elementor-widget elementor-widget-text-editor\" data-id=\"48d0ea1\" data-element_type=\"widget\" data-e-type=\"widget\" data-widget_type=\"text-editor.default\">\n\t\t\t\t<div class=\"elementor-widget-container\">\n\t\t\t\t\t\t\t\t\t<p>Il Gruppo Offenbach partecipa regolarmente a fiere nazionali e internazionali. Questi eventi ci offrono l'opportunit\u00e0 di lanciare nuove collezioni, di presentare le tendenze emergenti e di entrare in contatto con partner esistenti e nuovi.<br \/>Siamo presenti, tra gli altri, a:<\/p><ul><li>Mostra della gioielleria HKTDC<\/li><li>Vicenzaoro<\/li><li>Inhorgenta<\/li><\/ul><p>Le fiere sono per noi una piattaforma importante per condividere l'ispirazione e confrontarci con il mercato. Non vediamo l'ora di incontrarvi l\u00ec.<\/p>\t\t\t\t\t\t\t\t<\/div>\n\t\t\t\t<\/div>\n\t\t\t\t\t<\/div>\n\t\t<\/div>\n\t\t\t\t<div class=\"elementor-column elementor-col-50 elementor-top-column elementor-element elementor-element-7c4877f\" data-id=\"7c4877f\" data-element_type=\"column\" data-e-type=\"column\">\n\t\t\t<div class=\"elementor-widget-wrap elementor-element-populated\">\n\t\t\t\t\t\t<div class=\"elementor-element elementor-element-2ec91d7 elementor-widget elementor-widget-image\" data-id=\"2ec91d7\" data-element_type=\"widget\" data-e-type=\"widget\" data-widget_type=\"image.default\">\n\t\t\t\t<div class=\"elementor-widget-container\">\n\t\t\t\t\t\t\t\t\t\t\t\t\t\t\t<img loading=\"lazy\" decoding=\"async\" width=\"1170\" height=\"469\" src=\"https:\/\/offenbachgroup.com\/wp-content\/uploads\/2026\/03\/Showroom.jpg\" class=\"attachment-full size-full wp-image-3998\" alt=\"\" srcset=\"https:\/\/offenbachgroup.com\/wp-content\/uploads\/2026\/03\/Showroom.jpg 1170w, https:\/\/offenbachgroup.com\/wp-content\/uploads\/2026\/03\/Showroom-300x120.jpg 300w, https:\/\/offenbachgroup.com\/wp-content\/uploads\/2026\/03\/Showroom-1024x410.jpg 1024w, https:\/\/offenbachgroup.com\/wp-content\/uploads\/2026\/03\/Showroom-768x308.jpg 768w, https:\/\/offenbachgroup.com\/wp-content\/uploads\/2026\/03\/Showroom-18x7.jpg 18w\" sizes=\"(max-width: 1170px) 100vw, 1170px\" \/>\t\t\t\t\t\t\t\t\t\t\t\t\t\t\t<\/div>\n\t\t\t\t<\/div>\n\t\t\t\t<div class=\"elementor-element elementor-element-b9ab452 elementor-widget-divider--view-line elementor-widget elementor-widget-divider\" data-id=\"b9ab452\" data-element_type=\"widget\" data-e-type=\"widget\" data-widget_type=\"divider.default\">\n\t\t\t\t<div class=\"elementor-widget-container\">\n\t\t\t\t\t\t\t<div class=\"elementor-divider\">\n\t\t\t<span class=\"elementor-divider-separator\">\n\t\t\t\t\t\t<\/span>\n\t\t<\/div>\n\t\t\t\t\t\t<\/div>\n\t\t\t\t<\/div>\n\t\t\t\t<div class=\"elementor-element elementor-element-3d31db3 elementor-widget elementor-widget-heading\" data-id=\"3d31db3\" data-element_type=\"widget\" data-e-type=\"widget\" data-widget_type=\"heading.default\">\n\t\t\t\t<div class=\"elementor-widget-container\">\n\t\t\t\t\t<h3 class=\"elementor-heading-title elementor-size-default\">Showroom<\/h3>\t\t\t\t<\/div>\n\t\t\t\t<\/div>\n\t\t\t\t<div class=\"elementor-element elementor-element-f3ca0f6 elementor-widget-divider--view-line elementor-widget elementor-widget-divider\" data-id=\"f3ca0f6\" data-element_type=\"widget\" data-e-type=\"widget\" data-widget_type=\"divider.default\">\n\t\t\t\t<div class=\"elementor-widget-container\">\n\t\t\t\t\t\t\t<div class=\"elementor-divider\">\n\t\t\t<span class=\"elementor-divider-separator\">\n\t\t\t\t\t\t<\/span>\n\t\t<\/div>\n\t\t\t\t\t\t<\/div>\n\t\t\t\t<\/div>\n\t\t\t\t<div class=\"elementor-element elementor-element-11fefc5 elementor-widget elementor-widget-text-editor\" data-id=\"11fefc5\" data-element_type=\"widget\" data-e-type=\"widget\" data-widget_type=\"text-editor.default\">\n\t\t\t\t<div class=\"elementor-widget-container\">\n\t\t\t\t\t\t\t\t\t<p>Il nostro showroom \u00e8 il cuore del Gruppo Offenbach. Qui presentiamo le nostre collezioni in un ambiente stimolante dove qualit\u00e0, design e attenzione ai dettagli si fondono. Clienti e partner hanno l'opportunit\u00e0 di sperimentare da vicino i nostri prodotti e di ricevere consigli personali dal nostro team. Lo showroom \u00e8 progettato per fornire una chiara panoramica dei nostri marchi e delle nostre collezioni. Crediamo che i prodotti prendano vita quando li si prova di persona.<\/p><p>Vi invitiamo caldamente a fissare un appuntamento personale, per telefono o via e-mail. Durante l'incontro saremo lieti di discutere le varie possibilit\u00e0, sia che siate interessati a sviluppare una vostra linea di gioielli privati o a esplorare collezioni curate per la vostra gioielleria. Il nostro team vi guider\u00e0 in ogni fase del processo e vi fornir\u00e0 consigli su misura per trovare la soluzione migliore per la vostra attivit\u00e0. Il nostro obiettivo \u00e8 creare una partnership basata su fiducia, competenza e successo condiviso.<\/p><p>Prenotate oggi stesso il vostro appuntamento personale nello showroom ed esplorate le opportunit\u00e0 con il nostro team. Contattateci per <a href=\"tel:+31886644100\">telefono<\/a> o <a href=\"https:\/\/offenbachgroup.com\/it\/contact\/\">e-mail<\/a> per organizzare la vostra consultazione. Saremo lieti di darvi il benvenuto.<\/p>\t\t\t\t\t\t\t\t<\/div>\n\t\t\t\t<\/div>\n\t\t\t\t\t<\/div>\n\t\t<\/div>\n\t\t\t\t\t<\/div>\n\t\t<\/section>\n\t\t\t\t<\/div>","protected":false},"excerpt":{"rendered":"<p>About us Brand Development\u200b Growing brands in the fashion jewelry and accessories industry takes exceptional coordination, experience and perseverance, at The Offenbach Group we have more than three decades of experience in just that! We are the trusted partner for many brands around the world, whether just starting or already developed brands under our support [&hellip;]<\/p>\n","protected":false},"author":2,"featured_media":0,"parent":0,"menu_order":0,"comment_status":"closed","ping_status":"closed","template":"","meta":{"footnotes":""},"class_list":["post-2212","page","type-page","status-publish","hentry"],"_links":{"self":[{"href":"https:\/\/offenbachgroup.com\/it\/wp-json\/wp\/v2\/pages\/2212","targetHints":{"allow":["GET"]}}],"collection":[{"href":"https:\/\/offenbachgroup.com\/it\/wp-json\/wp\/v2\/pages"}],"about":[{"href":"https:\/\/offenbachgroup.com\/it\/wp-json\/wp\/v2\/types\/page"}],"author":[{"embeddable":true,"href":"https:\/\/offenbachgroup.com\/it\/wp-json\/wp\/v2\/users\/2"}],"replies":[{"embeddable":true,"href":"https:\/\/offenbachgroup.com\/it\/wp-json\/wp\/v2\/comments?post=2212"}],"version-history":[{"count":25,"href":"https:\/\/offenbachgroup.com\/it\/wp-json\/wp\/v2\/pages\/2212\/revisions"}],"predecessor-version":[{"id":4003,"href":"https:\/\/offenbachgroup.com\/it\/wp-json\/wp\/v2\/pages\/2212\/revisions\/4003"}],"wp:attachment":[{"href":"https:\/\/offenbachgroup.com\/it\/wp-json\/wp\/v2\/media?parent=2212"}],"curies":[{"name":"wp","href":"https:\/\/api.w.org\/{rel}","templated":true}]}}