{"id":2212,"date":"2023-10-03T07:46:37","date_gmt":"2023-10-03T07:46:37","guid":{"rendered":"https:\/\/offenbachgroup.com\/?page_id=2212"},"modified":"2026-03-03T08:34:26","modified_gmt":"2026-03-03T08:34:26","slug":"about-us","status":"publish","type":"page","link":"https:\/\/offenbachgroup.com\/fr\/about-us\/","title":{"rendered":"\u00c0 propos de nous"},"content":{"rendered":"<div data-elementor-type=\"wp-page\" data-elementor-id=\"2212\" class=\"elementor elementor-2212\" data-elementor-post-type=\"page\">\n\t\t\t\t\t\t<section class=\"elementor-section elementor-top-section elementor-element elementor-element-788b40f elementor-section-boxed elementor-section-height-default elementor-section-height-default\" data-id=\"788b40f\" data-element_type=\"section\" data-e-type=\"section\">\n\t\t\t\t\t\t<div class=\"elementor-container elementor-column-gap-default\">\n\t\t\t\t\t<div class=\"elementor-column elementor-col-100 elementor-top-column elementor-element elementor-element-f889a9b\" data-id=\"f889a9b\" data-element_type=\"column\" data-e-type=\"column\">\n\t\t\t<div class=\"elementor-widget-wrap elementor-element-populated\">\n\t\t\t\t\t\t<div class=\"elementor-element elementor-element-89aaf6c elementor-widget elementor-widget-heading\" data-id=\"89aaf6c\" data-element_type=\"widget\" data-e-type=\"widget\" data-widget_type=\"heading.default\">\n\t\t\t\t<div class=\"elementor-widget-container\">\n\t\t\t\t\t<h2 class=\"elementor-heading-title elementor-size-default\">A propos de nous<\/h2>\t\t\t\t<\/div>\n\t\t\t\t<\/div>\n\t\t\t\t\t<\/div>\n\t\t<\/div>\n\t\t\t\t\t<\/div>\n\t\t<\/section>\n\t\t\t\t<section class=\"elementor-section elementor-top-section elementor-element elementor-element-46230f3 elementor-section-boxed elementor-section-height-default elementor-section-height-default\" data-id=\"46230f3\" data-element_type=\"section\" data-e-type=\"section\">\n\t\t\t\t\t\t<div class=\"elementor-container elementor-column-gap-default\">\n\t\t\t\t\t<div class=\"elementor-column elementor-col-50 elementor-top-column elementor-element elementor-element-dd2e57e\" data-id=\"dd2e57e\" data-element_type=\"column\" data-e-type=\"column\">\n\t\t\t<div class=\"elementor-widget-wrap elementor-element-populated\">\n\t\t\t\t\t\t<div class=\"elementor-element elementor-element-cac684c elementor-widget elementor-widget-image\" data-id=\"cac684c\" data-element_type=\"widget\" data-e-type=\"widget\" data-widget_type=\"image.default\">\n\t\t\t\t<div class=\"elementor-widget-container\">\n\t\t\t\t\t\t\t\t\t\t\t\t\t\t\t<img fetchpriority=\"high\" decoding=\"async\" width=\"1170\" height=\"469\" src=\"https:\/\/offenbachgroup.com\/wp-content\/uploads\/2026\/02\/Ontwerp-zonder-titel-21.jpg\" class=\"attachment-full size-full wp-image-3857\" alt=\"\" srcset=\"https:\/\/offenbachgroup.com\/wp-content\/uploads\/2026\/02\/Ontwerp-zonder-titel-21.jpg 1170w, https:\/\/offenbachgroup.com\/wp-content\/uploads\/2026\/02\/Ontwerp-zonder-titel-21-300x120.jpg 300w, https:\/\/offenbachgroup.com\/wp-content\/uploads\/2026\/02\/Ontwerp-zonder-titel-21-1024x410.jpg 1024w, https:\/\/offenbachgroup.com\/wp-content\/uploads\/2026\/02\/Ontwerp-zonder-titel-21-768x308.jpg 768w, https:\/\/offenbachgroup.com\/wp-content\/uploads\/2026\/02\/Ontwerp-zonder-titel-21-18x7.jpg 18w\" sizes=\"(max-width: 1170px) 100vw, 1170px\" \/>\t\t\t\t\t\t\t\t\t\t\t\t\t\t\t<\/div>\n\t\t\t\t<\/div>\n\t\t\t\t<div class=\"elementor-element elementor-element-ee69559 elementor-widget-divider--view-line elementor-widget elementor-widget-divider\" data-id=\"ee69559\" data-element_type=\"widget\" data-e-type=\"widget\" data-widget_type=\"divider.default\">\n\t\t\t\t<div class=\"elementor-widget-container\">\n\t\t\t\t\t\t\t<div class=\"elementor-divider\">\n\t\t\t<span class=\"elementor-divider-separator\">\n\t\t\t\t\t\t<\/span>\n\t\t<\/div>\n\t\t\t\t\t\t<\/div>\n\t\t\t\t<\/div>\n\t\t\t\t<div class=\"elementor-element elementor-element-15b1ccd elementor-widget elementor-widget-heading\" data-id=\"15b1ccd\" data-element_type=\"widget\" data-e-type=\"widget\" data-widget_type=\"heading.default\">\n\t\t\t\t<div class=\"elementor-widget-container\">\n\t\t\t\t\t<h3 class=\"elementor-heading-title elementor-size-default\">D\u00e9veloppement de la marque<\/h3>\t\t\t\t<\/div>\n\t\t\t\t<\/div>\n\t\t\t\t<div class=\"elementor-element elementor-element-c790953 elementor-widget-divider--view-line elementor-widget elementor-widget-divider\" data-id=\"c790953\" data-element_type=\"widget\" data-e-type=\"widget\" data-widget_type=\"divider.default\">\n\t\t\t\t<div class=\"elementor-widget-container\">\n\t\t\t\t\t\t\t<div class=\"elementor-divider\">\n\t\t\t<span class=\"elementor-divider-separator\">\n\t\t\t\t\t\t<\/span>\n\t\t<\/div>\n\t\t\t\t\t\t<\/div>\n\t\t\t\t<\/div>\n\t\t\t\t<div class=\"elementor-element elementor-element-c2c0cd6 elementor-widget elementor-widget-text-editor\" data-id=\"c2c0cd6\" data-element_type=\"widget\" data-e-type=\"widget\" data-widget_type=\"text-editor.default\">\n\t\t\t\t<div class=\"elementor-widget-container\">\n\t\t\t\t\t\t\t\t\t<p>Le d\u00e9veloppement de marques dans l'industrie des bijoux et accessoires de mode exige une coordination, une exp\u00e9rience et une pers\u00e9v\u00e9rance exceptionnelles. Le groupe Offenbach poss\u00e8de plus de trois d\u00e9cennies d'exp\u00e9rience dans ce domaine ! Nous sommes le partenaire de confiance de nombreuses marques dans le monde entier, qu'il s'agisse de marques naissantes ou de marques d\u00e9j\u00e0 d\u00e9velopp\u00e9es, nous avons vu l'innovation et le succ\u00e8s l'emporter gr\u00e2ce \u00e0 notre soutien. En outre, nous avons \u00e9galement utilis\u00e9 notre puissance de production et notre exp\u00e9rience pour nos propres marques et les avons vues se d\u00e9velopper.<\/p>\t\t\t\t\t\t\t\t<\/div>\n\t\t\t\t<\/div>\n\t\t\t\t\t<\/div>\n\t\t<\/div>\n\t\t\t\t<div class=\"elementor-column elementor-col-50 elementor-top-column elementor-element elementor-element-b41ec12\" data-id=\"b41ec12\" data-element_type=\"column\" data-e-type=\"column\">\n\t\t\t<div class=\"elementor-widget-wrap elementor-element-populated\">\n\t\t\t\t\t\t<div class=\"elementor-element elementor-element-dc404d4 elementor-widget elementor-widget-image\" data-id=\"dc404d4\" data-element_type=\"widget\" data-e-type=\"widget\" data-widget_type=\"image.default\">\n\t\t\t\t<div class=\"elementor-widget-container\">\n\t\t\t\t\t\t\t\t\t\t\t\t\t\t\t<img decoding=\"async\" width=\"1170\" height=\"469\" src=\"https:\/\/offenbachgroup.com\/wp-content\/uploads\/2022\/05\/product-portfolio-banner.jpg\" class=\"attachment-full size-full wp-image-123\" alt=\"\" srcset=\"https:\/\/offenbachgroup.com\/wp-content\/uploads\/2022\/05\/product-portfolio-banner.jpg 1170w, https:\/\/offenbachgroup.com\/wp-content\/uploads\/2022\/05\/product-portfolio-banner-300x120.jpg 300w, https:\/\/offenbachgroup.com\/wp-content\/uploads\/2022\/05\/product-portfolio-banner-1024x410.jpg 1024w, https:\/\/offenbachgroup.com\/wp-content\/uploads\/2022\/05\/product-portfolio-banner-768x308.jpg 768w\" sizes=\"(max-width: 1170px) 100vw, 1170px\" \/>\t\t\t\t\t\t\t\t\t\t\t\t\t\t\t<\/div>\n\t\t\t\t<\/div>\n\t\t\t\t<div class=\"elementor-element elementor-element-237e029 elementor-widget-divider--view-line elementor-widget elementor-widget-divider\" data-id=\"237e029\" data-element_type=\"widget\" data-e-type=\"widget\" data-widget_type=\"divider.default\">\n\t\t\t\t<div class=\"elementor-widget-container\">\n\t\t\t\t\t\t\t<div class=\"elementor-divider\">\n\t\t\t<span class=\"elementor-divider-separator\">\n\t\t\t\t\t\t<\/span>\n\t\t<\/div>\n\t\t\t\t\t\t<\/div>\n\t\t\t\t<\/div>\n\t\t\t\t<div class=\"elementor-element elementor-element-8becbee elementor-widget elementor-widget-heading\" data-id=\"8becbee\" data-element_type=\"widget\" data-e-type=\"widget\" data-widget_type=\"heading.default\">\n\t\t\t\t<div class=\"elementor-widget-container\">\n\t\t\t\t\t<h3 class=\"elementor-heading-title elementor-size-default\">Responsabilit\u00e9 des entreprises<\/h3>\t\t\t\t<\/div>\n\t\t\t\t<\/div>\n\t\t\t\t<div class=\"elementor-element elementor-element-e43a8e9 elementor-widget-divider--view-line elementor-widget elementor-widget-divider\" data-id=\"e43a8e9\" data-element_type=\"widget\" data-e-type=\"widget\" data-widget_type=\"divider.default\">\n\t\t\t\t<div class=\"elementor-widget-container\">\n\t\t\t\t\t\t\t<div class=\"elementor-divider\">\n\t\t\t<span class=\"elementor-divider-separator\">\n\t\t\t\t\t\t<\/span>\n\t\t<\/div>\n\t\t\t\t\t\t<\/div>\n\t\t\t\t<\/div>\n\t\t\t\t<div class=\"elementor-element elementor-element-1ebb16e elementor-widget elementor-widget-text-editor\" data-id=\"1ebb16e\" data-element_type=\"widget\" data-e-type=\"widget\" data-widget_type=\"text-editor.default\">\n\t\t\t\t<div class=\"elementor-widget-container\">\n\t\t\t\t\t\t\t\t\t<p>Nous sommes conscients que notre secteur a un impact sur la soci\u00e9t\u00e9 et l'environnement qui nous entourent. L'un des piliers de notre entreprise est que nous voulons contribuer \u00e0 un avenir durable. Nous nous effor\u00e7ons toujours de communiquer et d'int\u00e9grer nos valeurs fondamentales de confiance, de respect et de responsabilit\u00e9 \u00e0 nos fabricants, sous-traitants, vendeurs et fournisseurs.<\/p>\t\t\t\t\t\t\t\t<\/div>\n\t\t\t\t<\/div>\n\t\t\t\t\t<\/div>\n\t\t<\/div>\n\t\t\t\t\t<\/div>\n\t\t<\/section>\n\t\t\t\t<section class=\"elementor-section elementor-top-section elementor-element elementor-element-cc42961 elementor-section-boxed elementor-section-height-default elementor-section-height-default\" data-id=\"cc42961\" data-element_type=\"section\" data-e-type=\"section\">\n\t\t\t\t\t\t<div class=\"elementor-container elementor-column-gap-default\">\n\t\t\t\t\t<div class=\"elementor-column elementor-col-50 elementor-top-column elementor-element elementor-element-4ee6352\" data-id=\"4ee6352\" data-element_type=\"column\" data-e-type=\"column\">\n\t\t\t<div class=\"elementor-widget-wrap elementor-element-populated\">\n\t\t\t\t\t\t<div class=\"elementor-element elementor-element-929a792 elementor-widget elementor-widget-image\" data-id=\"929a792\" data-element_type=\"widget\" data-e-type=\"widget\" data-widget_type=\"image.default\">\n\t\t\t\t<div class=\"elementor-widget-container\">\n\t\t\t\t\t\t\t\t\t\t\t\t\t\t\t<img decoding=\"async\" src=\"https:\/\/offenbachgroup.com\/wp-content\/uploads\/elementor\/thumbs\/2022_06_15_Offenbach_model48300-scaled-q44qupgdj8fvv49dxsb3kuetiaakdi5vba717ecxnk.jpg\" title=\"2022_06_15_Offenbach_model48300\" alt=\"2022_06_15_Offenbach_model48300\" loading=\"lazy\" \/>\t\t\t\t\t\t\t\t\t\t\t\t\t\t\t<\/div>\n\t\t\t\t<\/div>\n\t\t\t\t<div class=\"elementor-element elementor-element-6ca6056 elementor-widget-divider--view-line elementor-widget elementor-widget-divider\" data-id=\"6ca6056\" data-element_type=\"widget\" data-e-type=\"widget\" data-widget_type=\"divider.default\">\n\t\t\t\t<div class=\"elementor-widget-container\">\n\t\t\t\t\t\t\t<div class=\"elementor-divider\">\n\t\t\t<span class=\"elementor-divider-separator\">\n\t\t\t\t\t\t<\/span>\n\t\t<\/div>\n\t\t\t\t\t\t<\/div>\n\t\t\t\t<\/div>\n\t\t\t\t<div class=\"elementor-element elementor-element-08b153e elementor-widget elementor-widget-heading\" data-id=\"08b153e\" data-element_type=\"widget\" data-e-type=\"widget\" data-widget_type=\"heading.default\">\n\t\t\t\t<div class=\"elementor-widget-container\">\n\t\t\t\t\t<h3 class=\"elementor-heading-title elementor-size-default\">Portefeuille de produits et conception<\/h3>\t\t\t\t<\/div>\n\t\t\t\t<\/div>\n\t\t\t\t<div class=\"elementor-element elementor-element-53d2986 elementor-widget-divider--view-line elementor-widget elementor-widget-divider\" data-id=\"53d2986\" data-element_type=\"widget\" data-e-type=\"widget\" data-widget_type=\"divider.default\">\n\t\t\t\t<div class=\"elementor-widget-container\">\n\t\t\t\t\t\t\t<div class=\"elementor-divider\">\n\t\t\t<span class=\"elementor-divider-separator\">\n\t\t\t\t\t\t<\/span>\n\t\t<\/div>\n\t\t\t\t\t\t<\/div>\n\t\t\t\t<\/div>\n\t\t\t\t<div class=\"elementor-element elementor-element-1f0d908 elementor-widget elementor-widget-text-editor\" data-id=\"1f0d908\" data-element_type=\"widget\" data-e-type=\"widget\" data-widget_type=\"text-editor.default\">\n\t\t\t\t<div class=\"elementor-widget-container\">\n\t\t\t\t\t\t\t\t\t<p>Avec notre \u00e9quipe de professionnels cr\u00e9atifs, nous concevons les plus beaux produits de style de vie. Nos produits vont des bijoux et montres de mode aux v\u00eatements et chaussures, en passant par les accessoires tels que les sacs \u00e0 main et les lunettes de soleil. Lorsque les clients poss\u00e8dent d\u00e9j\u00e0 une marque embl\u00e9matique, nous recherchons les produits qui compl\u00e8tent et ajoutent de la valeur \u00e0 leur collection existante. Le groupe Offenbach emploie certains des merchandisers les plus exp\u00e9riment\u00e9s de l'industrie pour travailler efficacement avec les propri\u00e9taires de marques, les conc\u00e9dants de licence et autres.<\/p>\t\t\t\t\t\t\t\t<\/div>\n\t\t\t\t<\/div>\n\t\t\t\t\t<\/div>\n\t\t<\/div>\n\t\t\t\t<div class=\"elementor-column elementor-col-50 elementor-top-column elementor-element elementor-element-e168a87\" data-id=\"e168a87\" data-element_type=\"column\" data-e-type=\"column\">\n\t\t\t<div class=\"elementor-widget-wrap elementor-element-populated\">\n\t\t\t\t\t\t<div class=\"elementor-element elementor-element-e88581d elementor-widget elementor-widget-image\" data-id=\"e88581d\" data-element_type=\"widget\" data-e-type=\"widget\" data-widget_type=\"image.default\">\n\t\t\t\t<div class=\"elementor-widget-container\">\n\t\t\t\t\t\t\t\t\t\t\t\t\t\t\t<img decoding=\"async\" width=\"1170\" height=\"469\" src=\"https:\/\/offenbachgroup.com\/wp-content\/uploads\/2022\/05\/quality-production-banner.jpg\" class=\"attachment-full size-full wp-image-124\" alt=\"\" srcset=\"https:\/\/offenbachgroup.com\/wp-content\/uploads\/2022\/05\/quality-production-banner.jpg 1170w, https:\/\/offenbachgroup.com\/wp-content\/uploads\/2022\/05\/quality-production-banner-300x120.jpg 300w, https:\/\/offenbachgroup.com\/wp-content\/uploads\/2022\/05\/quality-production-banner-1024x410.jpg 1024w, https:\/\/offenbachgroup.com\/wp-content\/uploads\/2022\/05\/quality-production-banner-768x308.jpg 768w\" sizes=\"(max-width: 1170px) 100vw, 1170px\" \/>\t\t\t\t\t\t\t\t\t\t\t\t\t\t\t<\/div>\n\t\t\t\t<\/div>\n\t\t\t\t<div class=\"elementor-element elementor-element-5314b0b elementor-widget-divider--view-line elementor-widget elementor-widget-divider\" data-id=\"5314b0b\" data-element_type=\"widget\" data-e-type=\"widget\" data-widget_type=\"divider.default\">\n\t\t\t\t<div class=\"elementor-widget-container\">\n\t\t\t\t\t\t\t<div class=\"elementor-divider\">\n\t\t\t<span class=\"elementor-divider-separator\">\n\t\t\t\t\t\t<\/span>\n\t\t<\/div>\n\t\t\t\t\t\t<\/div>\n\t\t\t\t<\/div>\n\t\t\t\t<div class=\"elementor-element elementor-element-fbe40c8 elementor-widget elementor-widget-heading\" data-id=\"fbe40c8\" data-element_type=\"widget\" data-e-type=\"widget\" data-widget_type=\"heading.default\">\n\t\t\t\t<div class=\"elementor-widget-container\">\n\t\t\t\t\t<h3 class=\"elementor-heading-title elementor-size-default\">Qualit\u00e9, production et efficacit\u00e9<\/h3>\t\t\t\t<\/div>\n\t\t\t\t<\/div>\n\t\t\t\t<div class=\"elementor-element elementor-element-da6a48e elementor-widget-divider--view-line elementor-widget elementor-widget-divider\" data-id=\"da6a48e\" data-element_type=\"widget\" data-e-type=\"widget\" data-widget_type=\"divider.default\">\n\t\t\t\t<div class=\"elementor-widget-container\">\n\t\t\t\t\t\t\t<div class=\"elementor-divider\">\n\t\t\t<span class=\"elementor-divider-separator\">\n\t\t\t\t\t\t<\/span>\n\t\t<\/div>\n\t\t\t\t\t\t<\/div>\n\t\t\t\t<\/div>\n\t\t\t\t<div class=\"elementor-element elementor-element-3f9e783 elementor-widget elementor-widget-text-editor\" data-id=\"3f9e783\" data-element_type=\"widget\" data-e-type=\"widget\" data-widget_type=\"text-editor.default\">\n\t\t\t\t<div class=\"elementor-widget-container\">\n\t\t\t\t\t\t\t\t\t<p>Notre r\u00e9seau de production est vaste et vari\u00e9, avec plus de 50 partenaires de production dans le monde, chacun parmi les meilleurs dans sa propre sp\u00e9cialit\u00e9. La qualit\u00e9 et la rapidit\u00e9 de livraison sont essentielles sur le march\u00e9 concurrentiel des produits de consommation de mode et nous nous en assurons tout au long de la cha\u00eene d'approvisionnement : s\u00e9lection des mati\u00e8res premi\u00e8res utilis\u00e9es, inspection des processus de production, contr\u00f4le rigoureux de la qualit\u00e9 des produits, \u00e9tiquetage, emballage et transport. Pour compl\u00e9ter l'ex\u00e9cution, nous proposons \u00e9galement des services d'entreposage et de livraison directe.<\/p>\t\t\t\t\t\t\t\t<\/div>\n\t\t\t\t<\/div>\n\t\t\t\t\t<\/div>\n\t\t<\/div>\n\t\t\t\t\t<\/div>\n\t\t<\/section>\n\t\t\t\t<section class=\"elementor-section elementor-top-section elementor-element elementor-element-0fab588 elementor-section-boxed elementor-section-height-default elementor-section-height-default\" data-id=\"0fab588\" data-element_type=\"section\" data-e-type=\"section\">\n\t\t\t\t\t\t<div class=\"elementor-container elementor-column-gap-default\">\n\t\t\t\t\t<div class=\"elementor-column elementor-col-50 elementor-top-column elementor-element elementor-element-fd98c7b\" data-id=\"fd98c7b\" data-element_type=\"column\" data-e-type=\"column\">\n\t\t\t<div class=\"elementor-widget-wrap elementor-element-populated\">\n\t\t\t\t\t\t<div class=\"elementor-element elementor-element-ab12cda elementor-widget elementor-widget-image\" data-id=\"ab12cda\" data-element_type=\"widget\" data-e-type=\"widget\" data-widget_type=\"image.default\">\n\t\t\t\t<div class=\"elementor-widget-container\">\n\t\t\t\t\t\t\t\t\t\t\t\t\t\t\t<img decoding=\"async\" src=\"https:\/\/offenbachgroup.com\/wp-content\/uploads\/elementor\/thumbs\/Beurzen-rjyft4ub7zv5ilsdrz2lti69kfjugk44zcmdbky8gw.jpg\" title=\"Beurzen\" alt=\"Beurzen\" loading=\"lazy\" \/>\t\t\t\t\t\t\t\t\t\t\t\t\t\t\t<\/div>\n\t\t\t\t<\/div>\n\t\t\t\t<div class=\"elementor-element elementor-element-c87bbc1 elementor-widget-divider--view-line elementor-widget elementor-widget-divider\" data-id=\"c87bbc1\" data-element_type=\"widget\" data-e-type=\"widget\" data-widget_type=\"divider.default\">\n\t\t\t\t<div class=\"elementor-widget-container\">\n\t\t\t\t\t\t\t<div class=\"elementor-divider\">\n\t\t\t<span class=\"elementor-divider-separator\">\n\t\t\t\t\t\t<\/span>\n\t\t<\/div>\n\t\t\t\t\t\t<\/div>\n\t\t\t\t<\/div>\n\t\t\t\t<div class=\"elementor-element elementor-element-06e0804 elementor-widget elementor-widget-heading\" data-id=\"06e0804\" data-element_type=\"widget\" data-e-type=\"widget\" data-widget_type=\"heading.default\">\n\t\t\t\t<div class=\"elementor-widget-container\">\n\t\t\t\t\t<h3 class=\"elementor-heading-title elementor-size-default\">Foires<\/h3>\t\t\t\t<\/div>\n\t\t\t\t<\/div>\n\t\t\t\t<div class=\"elementor-element elementor-element-2b401f4 elementor-widget-divider--view-line elementor-widget elementor-widget-divider\" data-id=\"2b401f4\" data-element_type=\"widget\" data-e-type=\"widget\" data-widget_type=\"divider.default\">\n\t\t\t\t<div class=\"elementor-widget-container\">\n\t\t\t\t\t\t\t<div class=\"elementor-divider\">\n\t\t\t<span class=\"elementor-divider-separator\">\n\t\t\t\t\t\t<\/span>\n\t\t<\/div>\n\t\t\t\t\t\t<\/div>\n\t\t\t\t<\/div>\n\t\t\t\t<div class=\"elementor-element elementor-element-48d0ea1 elementor-widget elementor-widget-text-editor\" data-id=\"48d0ea1\" data-element_type=\"widget\" data-e-type=\"widget\" data-widget_type=\"text-editor.default\">\n\t\t\t\t<div class=\"elementor-widget-container\">\n\t\t\t\t\t\t\t\t\t<p>Le groupe Offenbach participe r\u00e9guli\u00e8rement \u00e0 des foires nationales et internationales. Ces \u00e9v\u00e9nements nous donnent l'occasion de lancer de nouvelles collections, de pr\u00e9senter les tendances \u00e9mergentes et de nouer des contacts avec des partenaires existants et nouveaux.<br \/>Nous sommes pr\u00e9sents, entre autres, \u00e0<\/p><ul><li>Salon de la bijouterie HKTDC<\/li><li>Vicenzaoro<\/li><li>Inhorgenta<\/li><\/ul><p>Les salons constituent pour nous une plate-forme importante pour partager notre inspiration et nous engager sur le march\u00e9. Nous nous r\u00e9jouissons de vous y rencontrer.<\/p>\t\t\t\t\t\t\t\t<\/div>\n\t\t\t\t<\/div>\n\t\t\t\t\t<\/div>\n\t\t<\/div>\n\t\t\t\t<div class=\"elementor-column elementor-col-50 elementor-top-column elementor-element elementor-element-7c4877f\" data-id=\"7c4877f\" data-element_type=\"column\" data-e-type=\"column\">\n\t\t\t<div class=\"elementor-widget-wrap elementor-element-populated\">\n\t\t\t\t\t\t<div class=\"elementor-element elementor-element-2ec91d7 elementor-widget elementor-widget-image\" data-id=\"2ec91d7\" data-element_type=\"widget\" data-e-type=\"widget\" data-widget_type=\"image.default\">\n\t\t\t\t<div class=\"elementor-widget-container\">\n\t\t\t\t\t\t\t\t\t\t\t\t\t\t\t<img loading=\"lazy\" decoding=\"async\" width=\"1170\" height=\"469\" src=\"https:\/\/offenbachgroup.com\/wp-content\/uploads\/2026\/03\/Showroom.jpg\" class=\"attachment-full size-full wp-image-3998\" alt=\"\" srcset=\"https:\/\/offenbachgroup.com\/wp-content\/uploads\/2026\/03\/Showroom.jpg 1170w, https:\/\/offenbachgroup.com\/wp-content\/uploads\/2026\/03\/Showroom-300x120.jpg 300w, https:\/\/offenbachgroup.com\/wp-content\/uploads\/2026\/03\/Showroom-1024x410.jpg 1024w, https:\/\/offenbachgroup.com\/wp-content\/uploads\/2026\/03\/Showroom-768x308.jpg 768w, https:\/\/offenbachgroup.com\/wp-content\/uploads\/2026\/03\/Showroom-18x7.jpg 18w\" sizes=\"(max-width: 1170px) 100vw, 1170px\" \/>\t\t\t\t\t\t\t\t\t\t\t\t\t\t\t<\/div>\n\t\t\t\t<\/div>\n\t\t\t\t<div class=\"elementor-element elementor-element-b9ab452 elementor-widget-divider--view-line elementor-widget elementor-widget-divider\" data-id=\"b9ab452\" data-element_type=\"widget\" data-e-type=\"widget\" data-widget_type=\"divider.default\">\n\t\t\t\t<div class=\"elementor-widget-container\">\n\t\t\t\t\t\t\t<div class=\"elementor-divider\">\n\t\t\t<span class=\"elementor-divider-separator\">\n\t\t\t\t\t\t<\/span>\n\t\t<\/div>\n\t\t\t\t\t\t<\/div>\n\t\t\t\t<\/div>\n\t\t\t\t<div class=\"elementor-element elementor-element-3d31db3 elementor-widget elementor-widget-heading\" data-id=\"3d31db3\" data-element_type=\"widget\" data-e-type=\"widget\" data-widget_type=\"heading.default\">\n\t\t\t\t<div class=\"elementor-widget-container\">\n\t\t\t\t\t<h3 class=\"elementor-heading-title elementor-size-default\">Salle d'exposition<\/h3>\t\t\t\t<\/div>\n\t\t\t\t<\/div>\n\t\t\t\t<div class=\"elementor-element elementor-element-f3ca0f6 elementor-widget-divider--view-line elementor-widget elementor-widget-divider\" data-id=\"f3ca0f6\" data-element_type=\"widget\" data-e-type=\"widget\" data-widget_type=\"divider.default\">\n\t\t\t\t<div class=\"elementor-widget-container\">\n\t\t\t\t\t\t\t<div class=\"elementor-divider\">\n\t\t\t<span class=\"elementor-divider-separator\">\n\t\t\t\t\t\t<\/span>\n\t\t<\/div>\n\t\t\t\t\t\t<\/div>\n\t\t\t\t<\/div>\n\t\t\t\t<div class=\"elementor-element elementor-element-11fefc5 elementor-widget elementor-widget-text-editor\" data-id=\"11fefc5\" data-element_type=\"widget\" data-e-type=\"widget\" data-widget_type=\"text-editor.default\">\n\t\t\t\t<div class=\"elementor-widget-container\">\n\t\t\t\t\t\t\t\t\t<p>Notre salle d'exposition est le c\u0153ur du groupe Offenbach. Nous y pr\u00e9sentons nos collections dans un environnement inspirant o\u00f9 la qualit\u00e9, le design et l'attention port\u00e9e aux d\u00e9tails sont r\u00e9unis. Les clients et les partenaires ont la possibilit\u00e9 de d\u00e9couvrir nos produits de pr\u00e8s et de recevoir des conseils personnalis\u00e9s de la part de notre \u00e9quipe. La salle d'exposition est con\u00e7ue pour offrir une vue d'ensemble claire de nos marques et de nos collections. Nous sommes convaincus que les produits prennent vie lorsqu'on les d\u00e9couvre en personne.<\/p><p>Nous vous invitons chaleureusement \u00e0 prendre un rendez-vous personnel, par t\u00e9l\u00e9phone ou par courrier \u00e9lectronique. Au cours de cet entretien, nous nous ferons un plaisir de discuter des diff\u00e9rentes possibilit\u00e9s qui s'offrent \u00e0 vous, qu'il s'agisse de d\u00e9velopper votre propre ligne de bijoux priv\u00e9e ou d'explorer des collections curatives pour votre bijouterie. Notre \u00e9quipe vous guidera \u00e0 chaque \u00e9tape du processus et vous fournira des conseils sur mesure afin de trouver la meilleure solution pour votre entreprise. Notre objectif est de cr\u00e9er un partenariat fond\u00e9 sur la confiance, l'expertise et le succ\u00e8s partag\u00e9.<\/p><p>R\u00e9servez d\u00e8s aujourd'hui votre rendez-vous dans la salle d'exposition et explorez les possibilit\u00e9s qui s'offrent \u00e0 vous avec notre \u00e9quipe. Contactez nous par <a href=\"tel:+31886644100\">t\u00e9l\u00e9phone<\/a> ou <a href=\"https:\/\/offenbachgroup.com\/fr\/contact\/\">courriel<\/a> pour organiser votre consultation. Nous nous r\u00e9jouissons de vous accueillir.<\/p>\t\t\t\t\t\t\t\t<\/div>\n\t\t\t\t<\/div>\n\t\t\t\t\t<\/div>\n\t\t<\/div>\n\t\t\t\t\t<\/div>\n\t\t<\/section>\n\t\t\t\t<\/div>","protected":false},"excerpt":{"rendered":"<p>About us Brand Development\u200b Growing brands in the fashion jewelry and accessories industry takes exceptional coordination, experience and perseverance, at The Offenbach Group we have more than three decades of experience in just that! We are the trusted partner for many brands around the world, whether just starting or already developed brands under our support [&hellip;]<\/p>\n","protected":false},"author":2,"featured_media":0,"parent":0,"menu_order":0,"comment_status":"closed","ping_status":"closed","template":"","meta":{"footnotes":""},"class_list":["post-2212","page","type-page","status-publish","hentry"],"_links":{"self":[{"href":"https:\/\/offenbachgroup.com\/fr\/wp-json\/wp\/v2\/pages\/2212","targetHints":{"allow":["GET"]}}],"collection":[{"href":"https:\/\/offenbachgroup.com\/fr\/wp-json\/wp\/v2\/pages"}],"about":[{"href":"https:\/\/offenbachgroup.com\/fr\/wp-json\/wp\/v2\/types\/page"}],"author":[{"embeddable":true,"href":"https:\/\/offenbachgroup.com\/fr\/wp-json\/wp\/v2\/users\/2"}],"replies":[{"embeddable":true,"href":"https:\/\/offenbachgroup.com\/fr\/wp-json\/wp\/v2\/comments?post=2212"}],"version-history":[{"count":25,"href":"https:\/\/offenbachgroup.com\/fr\/wp-json\/wp\/v2\/pages\/2212\/revisions"}],"predecessor-version":[{"id":4003,"href":"https:\/\/offenbachgroup.com\/fr\/wp-json\/wp\/v2\/pages\/2212\/revisions\/4003"}],"wp:attachment":[{"href":"https:\/\/offenbachgroup.com\/fr\/wp-json\/wp\/v2\/media?parent=2212"}],"curies":[{"name":"wp","href":"https:\/\/api.w.org\/{rel}","templated":true}]}}