{"id":4004,"date":"2026-03-03T10:06:49","date_gmt":"2026-03-03T10:06:49","guid":{"rendered":"https:\/\/offenbachgroup.com\/?page_id=4004"},"modified":"2026-03-03T13:23:24","modified_gmt":"2026-03-03T13:23:24","slug":"silventi","status":"publish","type":"page","link":"https:\/\/offenbachgroup.com\/es\/silventi\/","title":{"rendered":"Silventi"},"content":{"rendered":"<div data-elementor-type=\"wp-page\" data-elementor-id=\"4004\" class=\"elementor elementor-4004\" data-elementor-post-type=\"page\">\n\t\t\t\t\t\t<section class=\"elementor-section elementor-top-section elementor-element elementor-element-87e715d elementor-section-boxed elementor-section-height-default elementor-section-height-default\" data-id=\"87e715d\" data-element_type=\"section\" data-e-type=\"section\">\n\t\t\t\t\t\t<div class=\"elementor-container elementor-column-gap-default\">\n\t\t\t\t\t<div class=\"elementor-column elementor-col-100 elementor-top-column elementor-element elementor-element-e9422dc\" data-id=\"e9422dc\" data-element_type=\"column\" data-e-type=\"column\">\n\t\t\t<div class=\"elementor-widget-wrap elementor-element-populated\">\n\t\t\t\t\t\t<div class=\"elementor-element elementor-element-fdb5bd8 elementor-widget elementor-widget-heading\" data-id=\"fdb5bd8\" data-element_type=\"widget\" data-e-type=\"widget\" data-widget_type=\"heading.default\">\n\t\t\t\t<div class=\"elementor-widget-container\">\n\t\t\t\t\t<h1 class=\"elementor-heading-title elementor-size-default\">Silventi<\/h1>\t\t\t\t<\/div>\n\t\t\t\t<\/div>\n\t\t\t\t\t<\/div>\n\t\t<\/div>\n\t\t\t\t\t<\/div>\n\t\t<\/section>\n\t\t\t\t<section class=\"elementor-section elementor-top-section elementor-element elementor-element-56b9a7d elementor-section-boxed elementor-section-height-default elementor-section-height-default\" data-id=\"56b9a7d\" data-element_type=\"section\" data-e-type=\"section\">\n\t\t\t\t\t\t<div class=\"elementor-container elementor-column-gap-default\">\n\t\t\t\t\t<div class=\"elementor-column elementor-col-50 elementor-top-column elementor-element elementor-element-2074b2f\" data-id=\"2074b2f\" data-element_type=\"column\" data-e-type=\"column\">\n\t\t\t<div class=\"elementor-widget-wrap elementor-element-populated\">\n\t\t\t\t\t\t<div class=\"elementor-element elementor-element-4714567 elementor-widget elementor-widget-image\" data-id=\"4714567\" data-element_type=\"widget\" data-e-type=\"widget\" data-widget_type=\"image.default\">\n\t\t\t\t<div class=\"elementor-widget-container\">\n\t\t\t\t\t\t\t\t\t\t\t\t\t\t\t<img fetchpriority=\"high\" decoding=\"async\" width=\"768\" height=\"970\" src=\"https:\/\/offenbachgroup.com\/wp-content\/uploads\/2026\/03\/x-768x970.jpg\" class=\"attachment-medium_large size-medium_large wp-image-4021\" alt=\"\" srcset=\"https:\/\/offenbachgroup.com\/wp-content\/uploads\/2026\/03\/x-768x970.jpg 768w, https:\/\/offenbachgroup.com\/wp-content\/uploads\/2026\/03\/x-238x300.jpg 238w, https:\/\/offenbachgroup.com\/wp-content\/uploads\/2026\/03\/x-811x1024.jpg 811w, https:\/\/offenbachgroup.com\/wp-content\/uploads\/2026\/03\/x-1216x1536.jpg 1216w, https:\/\/offenbachgroup.com\/wp-content\/uploads\/2026\/03\/x-1621x2048.jpg 1621w, https:\/\/offenbachgroup.com\/wp-content\/uploads\/2026\/03\/x-10x12.jpg 10w, https:\/\/offenbachgroup.com\/wp-content\/uploads\/2026\/03\/x.jpg 1900w\" sizes=\"(max-width: 768px) 100vw, 768px\" \/>\t\t\t\t\t\t\t\t\t\t\t\t\t\t\t<\/div>\n\t\t\t\t<\/div>\n\t\t\t\t\t<\/div>\n\t\t<\/div>\n\t\t\t\t<div class=\"elementor-column elementor-col-50 elementor-top-column elementor-element elementor-element-c723022\" data-id=\"c723022\" data-element_type=\"column\" data-e-type=\"column\">\n\t\t\t<div class=\"elementor-widget-wrap elementor-element-populated\">\n\t\t\t\t\t\t<div class=\"elementor-element elementor-element-44cd9f8 elementor-widget elementor-widget-text-editor\" data-id=\"44cd9f8\" data-element_type=\"widget\" data-e-type=\"widget\" data-widget_type=\"text-editor.default\">\n\t\t\t\t<div class=\"elementor-widget-container\">\n\t\t\t\t\t\t\t\t\t<p style=\"text-align: left;\">Silventi es una marca de joyer\u00eda de plata de primera calidad desarrollada espec\u00edficamente para la mujer madura y consciente de su estilo. Se trata de un segmento de clientes con poder adquisitivo, fidelidad a la marca y una marcada preferencia por la calidad frente a las tendencias pasajeras. Nuestras colecciones combinan la plata de ley 925 con un acabado duradero de rodio o un rico ba\u00f1o de oro de 14 quilates con revestimiento electr\u00f3nico, lo que garantiza un brillo duradero, una presentaci\u00f3n de primera calidad y una excelente portabilidad. Los dise\u00f1os se distinguen por el uso de piedras de colores vibrantes, ofreciendo a los minoristas un surtido refinado y llamativo que se diferencia claramente de las colecciones de plata est\u00e1ndar.<\/p><p style=\"text-align: left;\"><span style=\"font-size: 1rem;\">Silventi ofrece un surtido completo y comercialmente equilibrado que incluye collares largos y cortos para un estilo en capas, pendientes elegantes y con presencia,<br \/>pulseras sofisticadas y anillos distintivos con car\u00e1cter. La colecci\u00f3n se ha dise\u00f1ado para crear un impacto visual en la tienda y mantener al mismo tiempo la cohesi\u00f3n, lo que permite<br \/>a los minoristas para construir una historia de marca s\u00f3lida y reconocible en m\u00faltiples categor\u00edas de productos. Silventi llena el vac\u00edo existente entre la plata de moda y la joyer\u00eda fina. Ofrece un mayor valor percibido, m\u00e1rgenes s\u00f3lidos, un excelente potencial para regalo y un perfil de cliente fiel que repite. La colecci\u00f3n es femenina, refinada y comercialmente inteligente. Creada para mujeres que conocen su estilo e invierten en piezas que lo reflejan.<\/span><\/p><p style=\"text-align: left;\">Si desea m\u00e1s informaci\u00f3n, env\u00ede un correo electr\u00f3nico a info@silventi.com. Estaremos encantados de ayudarle, hablar de oportunidades y explorar las opciones que mejor se adapten a su tienda y su mercado.<\/p>\t\t\t\t\t\t\t\t<\/div>\n\t\t\t\t<\/div>\n\t\t\t\t<div class=\"elementor-element elementor-element-b957141 elementor-align-left e-transform elementor-widget elementor-widget-button\" data-id=\"b957141\" data-element_type=\"widget\" data-e-type=\"widget\" data-settings=\"{&quot;_transform_translateX_effect&quot;:{&quot;unit&quot;:&quot;px&quot;,&quot;size&quot;:&quot;-23&quot;,&quot;sizes&quot;:[]},&quot;_transform_translateX_effect_tablet&quot;:{&quot;unit&quot;:&quot;px&quot;,&quot;size&quot;:&quot;&quot;,&quot;sizes&quot;:[]},&quot;_transform_translateX_effect_mobile&quot;:{&quot;unit&quot;:&quot;px&quot;,&quot;size&quot;:&quot;&quot;,&quot;sizes&quot;:[]},&quot;_transform_translateY_effect&quot;:{&quot;unit&quot;:&quot;px&quot;,&quot;size&quot;:&quot;&quot;,&quot;sizes&quot;:[]},&quot;_transform_translateY_effect_tablet&quot;:{&quot;unit&quot;:&quot;px&quot;,&quot;size&quot;:&quot;&quot;,&quot;sizes&quot;:[]},&quot;_transform_translateY_effect_mobile&quot;:{&quot;unit&quot;:&quot;px&quot;,&quot;size&quot;:&quot;&quot;,&quot;sizes&quot;:[]}}\" data-widget_type=\"button.default\">\n\t\t\t\t<div class=\"elementor-widget-container\">\n\t\t\t\t\t\t\t\t\t<div class=\"elementor-button-wrapper\">\n\t\t\t\t\t<a class=\"elementor-button elementor-button-link elementor-size-sm\" href=\"https:\/\/www.silventi.com\/\" target=\"_blank\">\n\t\t\t\t\t\t<span class=\"elementor-button-content-wrapper\">\n\t\t\t\t\t\t<span class=\"elementor-button-icon\">\n\t\t\t\t<i aria-hidden=\"true\" class=\"fas fa-angle-right\"><\/i>\t\t\t<\/span>\n\t\t\t\t\t\t\t\t\t<span class=\"elementor-button-text\">Visitar el sitio web<\/span>\n\t\t\t\t\t<\/span>\n\t\t\t\t\t<\/a>\n\t\t\t\t<\/div>\n\t\t\t\t\t\t\t\t<\/div>\n\t\t\t\t<\/div>\n\t\t\t\t\t<\/div>\n\t\t<\/div>\n\t\t\t\t\t<\/div>\n\t\t<\/section>\n\t\t\t\t<section class=\"elementor-section elementor-top-section elementor-element elementor-element-d59648c elementor-section-boxed elementor-section-height-default elementor-section-height-default\" data-id=\"d59648c\" data-element_type=\"section\" data-e-type=\"section\">\n\t\t\t\t\t\t<div class=\"elementor-container elementor-column-gap-default\">\n\t\t\t\t\t<div class=\"elementor-column elementor-col-100 elementor-top-column elementor-element elementor-element-ec9b11d\" data-id=\"ec9b11d\" data-element_type=\"column\" data-e-type=\"column\">\n\t\t\t<div class=\"elementor-widget-wrap elementor-element-populated\">\n\t\t\t\t\t\t<div class=\"elementor-element elementor-element-d90bffb elementor-widget__width-auto elementor-widget elementor-widget-heading\" data-id=\"d90bffb\" data-element_type=\"widget\" data-e-type=\"widget\" data-widget_type=\"heading.default\">\n\t\t\t\t<div class=\"elementor-widget-container\">\n\t\t\t\t\t<h3 class=\"elementor-heading-title elementor-size-default\">Siga a Silventi en las redes sociales:<\/h3>\t\t\t\t<\/div>\n\t\t\t\t<\/div>\n\t\t\t\t<div class=\"elementor-element elementor-element-3871a77 elementor-shape-square elementor-widget__width-auto elementor-grid-0 e-grid-align-center elementor-widget elementor-widget-social-icons\" data-id=\"3871a77\" data-element_type=\"widget\" data-e-type=\"widget\" data-widget_type=\"social-icons.default\">\n\t\t\t\t<div class=\"elementor-widget-container\">\n\t\t\t\t\t\t\t<div class=\"elementor-social-icons-wrapper elementor-grid\" role=\"list\">\n\t\t\t\t\t\t\t<span class=\"elementor-grid-item\" role=\"listitem\">\n\t\t\t\t\t<a class=\"elementor-icon elementor-social-icon elementor-social-icon-facebook elementor-animation-shrink elementor-repeater-item-ed0193e\" href=\"https:\/\/www.facebook.com\/Silventi.Jewels\/\" target=\"_blank\">\n\t\t\t\t\t\t<span class=\"elementor-screen-only\">Facebook<\/span>\n\t\t\t\t\t\t<i aria-hidden=\"true\" class=\"fab fa-facebook\"><\/i>\t\t\t\t\t<\/a>\n\t\t\t\t<\/span>\n\t\t\t\t\t\t\t<span class=\"elementor-grid-item\" role=\"listitem\">\n\t\t\t\t\t<a class=\"elementor-icon elementor-social-icon elementor-social-icon-instagram elementor-animation-shrink elementor-repeater-item-9b1846e\" href=\"https:\/\/www.instagram.com\/silventi_jewelry\/\" target=\"_blank\">\n\t\t\t\t\t\t<span class=\"elementor-screen-only\">Instagram<\/span>\n\t\t\t\t\t\t<i aria-hidden=\"true\" class=\"fab fa-instagram\"><\/i>\t\t\t\t\t<\/a>\n\t\t\t\t<\/span>\n\t\t\t\t\t\t\t<span class=\"elementor-grid-item\" role=\"listitem\">\n\t\t\t\t\t<a class=\"elementor-icon elementor-social-icon elementor-social-icon-pinterest elementor-animation-shrink elementor-repeater-item-2976c1b\" href=\"https:\/\/nl.pinterest.com\/Silventi_jewelry\/\" target=\"_blank\">\n\t\t\t\t\t\t<span class=\"elementor-screen-only\">Pinterest<\/span>\n\t\t\t\t\t\t<i aria-hidden=\"true\" class=\"fab fa-pinterest\"><\/i>\t\t\t\t\t<\/a>\n\t\t\t\t<\/span>\n\t\t\t\t\t<\/div>\n\t\t\t\t\t\t<\/div>\n\t\t\t\t<\/div>\n\t\t\t\t<div class=\"elementor-element elementor-element-01ebeab elementor-widget-divider--view-line elementor-widget elementor-widget-divider\" data-id=\"01ebeab\" data-element_type=\"widget\" data-e-type=\"widget\" data-widget_type=\"divider.default\">\n\t\t\t\t<div class=\"elementor-widget-container\">\n\t\t\t\t\t\t\t<div class=\"elementor-divider\">\n\t\t\t<span class=\"elementor-divider-separator\">\n\t\t\t\t\t\t<\/span>\n\t\t<\/div>\n\t\t\t\t\t\t<\/div>\n\t\t\t\t<\/div>\n\t\t\t\t\t<\/div>\n\t\t<\/div>\n\t\t\t\t\t<\/div>\n\t\t<\/section>\n\t\t\t\t<section class=\"elementor-section elementor-top-section elementor-element elementor-element-51cd569 elementor-section-boxed elementor-section-height-default elementor-section-height-default\" data-id=\"51cd569\" data-element_type=\"section\" data-e-type=\"section\">\n\t\t\t\t\t\t<div class=\"elementor-container elementor-column-gap-default\">\n\t\t\t\t\t<div class=\"elementor-column elementor-col-100 elementor-top-column elementor-element elementor-element-c0bf92f\" data-id=\"c0bf92f\" data-element_type=\"column\" data-e-type=\"column\">\n\t\t\t<div class=\"elementor-widget-wrap elementor-element-populated\">\n\t\t\t\t\t\t<div class=\"elementor-element elementor-element-bf75efc elementor-widget elementor-widget-heading\" data-id=\"bf75efc\" data-element_type=\"widget\" data-e-type=\"widget\" data-widget_type=\"heading.default\">\n\t\t\t\t<div class=\"elementor-widget-container\">\n\t\t\t\t\t<h2 class=\"elementor-heading-title elementor-size-default\">Lookbook<\/h2>\t\t\t\t<\/div>\n\t\t\t\t<\/div>\n\t\t\t\t<div class=\"elementor-element elementor-element-87e067b elementor-widget elementor-widget-gallery\" data-id=\"87e067b\" data-element_type=\"widget\" data-e-type=\"widget\" data-settings=\"{&quot;gallery_layout&quot;:&quot;masonry&quot;,&quot;columns&quot;:&quot;3&quot;,&quot;gap&quot;:{&quot;unit&quot;:&quot;px&quot;,&quot;size&quot;:&quot;3&quot;,&quot;sizes&quot;:[]},&quot;lazyload&quot;:&quot;yes&quot;,&quot;columns_tablet&quot;:2,&quot;columns_mobile&quot;:1,&quot;gap_tablet&quot;:{&quot;unit&quot;:&quot;px&quot;,&quot;size&quot;:10,&quot;sizes&quot;:[]},&quot;gap_mobile&quot;:{&quot;unit&quot;:&quot;px&quot;,&quot;size&quot;:10,&quot;sizes&quot;:[]},&quot;link_to&quot;:&quot;file&quot;,&quot;overlay_background&quot;:&quot;yes&quot;,&quot;content_hover_animation&quot;:&quot;fade-in&quot;}\" data-widget_type=\"gallery.default\">\n\t\t\t\t<div class=\"elementor-widget-container\">\n\t\t\t\t\t\t\t<div class=\"elementor-gallery__container\">\n\t\t\t\t\t\t\t<a class=\"e-gallery-item elementor-gallery-item elementor-animated-content\" href=\"https:\/\/offenbachgroup.com\/wp-content\/uploads\/2026\/03\/x-1.jpg\" data-elementor-open-lightbox=\"yes\" data-elementor-lightbox-slideshow=\"87e067b\" data-elementor-lightbox-title=\"x\" data-e-action-hash=\"#elementor-action%3Aaction%3Dlightbox%26settings%3DeyJpZCI6NDAyNSwidXJsIjoiaHR0cHM6XC9cL29mZmVuYmFjaGdyb3VwLmNvbVwvd3AtY29udGVudFwvdXBsb2Fkc1wvMjAyNlwvMDNcL3gtMS5qcGciLCJzbGlkZXNob3ciOiI4N2UwNjdiIn0%3D\">\n\t\t\t\t\t<div class=\"e-gallery-image elementor-gallery-item__image\" data-thumbnail=\"https:\/\/offenbachgroup.com\/wp-content\/uploads\/2026\/03\/x-1-811x1024.jpg\" data-width=\"800\" data-height=\"1010\" aria-label=\"\" role=\"img\" ><\/div>\n\t\t\t\t\t\t\t\t\t\t\t<div class=\"elementor-gallery-item__overlay\"><\/div>\n\t\t\t\t\t\t\t\t\t\t\t\t\t\t<\/a>\n\t\t\t\t\t\t\t<a class=\"e-gallery-item elementor-gallery-item elementor-animated-content\" href=\"https:\/\/offenbachgroup.com\/wp-content\/uploads\/2026\/03\/Silventi-startpakket-SS2026-2-scaled.jpg\" data-elementor-open-lightbox=\"yes\" data-elementor-lightbox-slideshow=\"87e067b\" data-elementor-lightbox-title=\"Silventi-startpakket-SS2026-2\" data-e-action-hash=\"#elementor-action%3Aaction%3Dlightbox%26settings%3DeyJpZCI6NDAzMywidXJsIjoiaHR0cHM6XC9cL29mZmVuYmFjaGdyb3VwLmNvbVwvd3AtY29udGVudFwvdXBsb2Fkc1wvMjAyNlwvMDNcL1NpbHZlbnRpLXN0YXJ0cGFra2V0LVNTMjAyNi0yLXNjYWxlZC5qcGciLCJzbGlkZXNob3ciOiI4N2UwNjdiIn0%3D\">\n\t\t\t\t\t<div class=\"e-gallery-image elementor-gallery-item__image\" data-thumbnail=\"https:\/\/offenbachgroup.com\/wp-content\/uploads\/2026\/03\/Silventi-startpakket-SS2026-2-1024x701.jpg\" data-width=\"800\" data-height=\"548\" aria-label=\"\" role=\"img\" ><\/div>\n\t\t\t\t\t\t\t\t\t\t\t<div class=\"elementor-gallery-item__overlay\"><\/div>\n\t\t\t\t\t\t\t\t\t\t\t\t\t\t<\/a>\n\t\t\t\t\t<\/div>\n\t\t\t\t\t<\/div>\n\t\t\t\t<\/div>\n\t\t\t\t<div class=\"elementor-element elementor-element-d58a81b elementor-widget-divider--view-line elementor-widget elementor-widget-divider\" data-id=\"d58a81b\" data-element_type=\"widget\" data-e-type=\"widget\" data-widget_type=\"divider.default\">\n\t\t\t\t<div class=\"elementor-widget-container\">\n\t\t\t\t\t\t\t<div class=\"elementor-divider\">\n\t\t\t<span class=\"elementor-divider-separator\">\n\t\t\t\t\t\t<\/span>\n\t\t<\/div>\n\t\t\t\t\t\t<\/div>\n\t\t\t\t<\/div>\n\t\t\t\t\t<\/div>\n\t\t<\/div>\n\t\t\t\t\t<\/div>\n\t\t<\/section>\n\t\t\t\t<\/div>","protected":false},"excerpt":{"rendered":"<p>Silventi Silventi is a premium silver jewelry brand developed specifically for the mature, style-conscious woman. This is a customer segment with purchasing power, brand loyalty, and a strong preference for quality over short-lived trends. Our collections combine 925 sterling silver with durable rhodium finishing or rich 14K gold plating with e-coating, ensuring long-lasting brilliance, premium [&hellip;]<\/p>\n","protected":false},"author":1,"featured_media":0,"parent":0,"menu_order":0,"comment_status":"closed","ping_status":"closed","template":"","meta":{"footnotes":""},"class_list":["post-4004","page","type-page","status-publish","hentry"],"_links":{"self":[{"href":"https:\/\/offenbachgroup.com\/es\/wp-json\/wp\/v2\/pages\/4004","targetHints":{"allow":["GET"]}}],"collection":[{"href":"https:\/\/offenbachgroup.com\/es\/wp-json\/wp\/v2\/pages"}],"about":[{"href":"https:\/\/offenbachgroup.com\/es\/wp-json\/wp\/v2\/types\/page"}],"author":[{"embeddable":true,"href":"https:\/\/offenbachgroup.com\/es\/wp-json\/wp\/v2\/users\/1"}],"replies":[{"embeddable":true,"href":"https:\/\/offenbachgroup.com\/es\/wp-json\/wp\/v2\/comments?post=4004"}],"version-history":[{"count":31,"href":"https:\/\/offenbachgroup.com\/es\/wp-json\/wp\/v2\/pages\/4004\/revisions"}],"predecessor-version":[{"id":4046,"href":"https:\/\/offenbachgroup.com\/es\/wp-json\/wp\/v2\/pages\/4004\/revisions\/4046"}],"wp:attachment":[{"href":"https:\/\/offenbachgroup.com\/es\/wp-json\/wp\/v2\/media?parent=4004"}],"curies":[{"name":"wp","href":"https:\/\/api.w.org\/{rel}","templated":true}]}}