{"id":2212,"date":"2023-10-03T07:46:37","date_gmt":"2023-10-03T07:46:37","guid":{"rendered":"https:\/\/offenbachgroup.com\/?page_id=2212"},"modified":"2026-03-03T08:34:26","modified_gmt":"2026-03-03T08:34:26","slug":"about-us","status":"publish","type":"page","link":"https:\/\/offenbachgroup.com\/es\/about-us\/","title":{"rendered":"Qui\u00e9nes somos"},"content":{"rendered":"<div data-elementor-type=\"wp-page\" data-elementor-id=\"2212\" class=\"elementor elementor-2212\" data-elementor-post-type=\"page\">\n\t\t\t\t\t\t<section class=\"elementor-section elementor-top-section elementor-element elementor-element-788b40f elementor-section-boxed elementor-section-height-default elementor-section-height-default\" data-id=\"788b40f\" data-element_type=\"section\" data-e-type=\"section\">\n\t\t\t\t\t\t<div class=\"elementor-container elementor-column-gap-default\">\n\t\t\t\t\t<div class=\"elementor-column elementor-col-100 elementor-top-column elementor-element elementor-element-f889a9b\" data-id=\"f889a9b\" data-element_type=\"column\" data-e-type=\"column\">\n\t\t\t<div class=\"elementor-widget-wrap elementor-element-populated\">\n\t\t\t\t\t\t<div class=\"elementor-element elementor-element-89aaf6c elementor-widget elementor-widget-heading\" data-id=\"89aaf6c\" data-element_type=\"widget\" data-e-type=\"widget\" data-widget_type=\"heading.default\">\n\t\t\t\t<div class=\"elementor-widget-container\">\n\t\t\t\t\t<h2 class=\"elementor-heading-title elementor-size-default\">Qui\u00e9nes somos<\/h2>\t\t\t\t<\/div>\n\t\t\t\t<\/div>\n\t\t\t\t\t<\/div>\n\t\t<\/div>\n\t\t\t\t\t<\/div>\n\t\t<\/section>\n\t\t\t\t<section class=\"elementor-section elementor-top-section elementor-element elementor-element-46230f3 elementor-section-boxed elementor-section-height-default elementor-section-height-default\" data-id=\"46230f3\" data-element_type=\"section\" data-e-type=\"section\">\n\t\t\t\t\t\t<div class=\"elementor-container elementor-column-gap-default\">\n\t\t\t\t\t<div class=\"elementor-column elementor-col-50 elementor-top-column elementor-element elementor-element-dd2e57e\" data-id=\"dd2e57e\" data-element_type=\"column\" data-e-type=\"column\">\n\t\t\t<div class=\"elementor-widget-wrap elementor-element-populated\">\n\t\t\t\t\t\t<div class=\"elementor-element elementor-element-cac684c elementor-widget elementor-widget-image\" data-id=\"cac684c\" data-element_type=\"widget\" data-e-type=\"widget\" data-widget_type=\"image.default\">\n\t\t\t\t<div class=\"elementor-widget-container\">\n\t\t\t\t\t\t\t\t\t\t\t\t\t\t\t<img fetchpriority=\"high\" decoding=\"async\" width=\"1170\" height=\"469\" src=\"https:\/\/offenbachgroup.com\/wp-content\/uploads\/2026\/02\/Ontwerp-zonder-titel-21.jpg\" class=\"attachment-full size-full wp-image-3857\" alt=\"\" srcset=\"https:\/\/offenbachgroup.com\/wp-content\/uploads\/2026\/02\/Ontwerp-zonder-titel-21.jpg 1170w, https:\/\/offenbachgroup.com\/wp-content\/uploads\/2026\/02\/Ontwerp-zonder-titel-21-300x120.jpg 300w, https:\/\/offenbachgroup.com\/wp-content\/uploads\/2026\/02\/Ontwerp-zonder-titel-21-1024x410.jpg 1024w, https:\/\/offenbachgroup.com\/wp-content\/uploads\/2026\/02\/Ontwerp-zonder-titel-21-768x308.jpg 768w, https:\/\/offenbachgroup.com\/wp-content\/uploads\/2026\/02\/Ontwerp-zonder-titel-21-18x7.jpg 18w\" sizes=\"(max-width: 1170px) 100vw, 1170px\" \/>\t\t\t\t\t\t\t\t\t\t\t\t\t\t\t<\/div>\n\t\t\t\t<\/div>\n\t\t\t\t<div class=\"elementor-element elementor-element-ee69559 elementor-widget-divider--view-line elementor-widget elementor-widget-divider\" data-id=\"ee69559\" data-element_type=\"widget\" data-e-type=\"widget\" data-widget_type=\"divider.default\">\n\t\t\t\t<div class=\"elementor-widget-container\">\n\t\t\t\t\t\t\t<div class=\"elementor-divider\">\n\t\t\t<span class=\"elementor-divider-separator\">\n\t\t\t\t\t\t<\/span>\n\t\t<\/div>\n\t\t\t\t\t\t<\/div>\n\t\t\t\t<\/div>\n\t\t\t\t<div class=\"elementor-element elementor-element-15b1ccd elementor-widget elementor-widget-heading\" data-id=\"15b1ccd\" data-element_type=\"widget\" data-e-type=\"widget\" data-widget_type=\"heading.default\">\n\t\t\t\t<div class=\"elementor-widget-container\">\n\t\t\t\t\t<h3 class=\"elementor-heading-title elementor-size-default\">Desarrollo de la marca<\/h3>\t\t\t\t<\/div>\n\t\t\t\t<\/div>\n\t\t\t\t<div class=\"elementor-element elementor-element-c790953 elementor-widget-divider--view-line elementor-widget elementor-widget-divider\" data-id=\"c790953\" data-element_type=\"widget\" data-e-type=\"widget\" data-widget_type=\"divider.default\">\n\t\t\t\t<div class=\"elementor-widget-container\">\n\t\t\t\t\t\t\t<div class=\"elementor-divider\">\n\t\t\t<span class=\"elementor-divider-separator\">\n\t\t\t\t\t\t<\/span>\n\t\t<\/div>\n\t\t\t\t\t\t<\/div>\n\t\t\t\t<\/div>\n\t\t\t\t<div class=\"elementor-element elementor-element-c2c0cd6 elementor-widget elementor-widget-text-editor\" data-id=\"c2c0cd6\" data-element_type=\"widget\" data-e-type=\"widget\" data-widget_type=\"text-editor.default\">\n\t\t\t\t<div class=\"elementor-widget-container\">\n\t\t\t\t\t\t\t\t\t<p>El desarrollo de marcas en el sector de la bisuter\u00eda y los accesorios de moda requiere una coordinaci\u00f3n, experiencia y perseverancia excepcionales. En el Grupo Offenbach contamos con m\u00e1s de tres d\u00e9cadas de experiencia en este campo. Somos el socio de confianza de muchas marcas de todo el mundo, tanto si se trata de marcas que acaban de empezar como de marcas ya desarrolladas, bajo nuestro apoyo hemos visto prevalecer la innovaci\u00f3n y el \u00e9xito. Adem\u00e1s, tambi\u00e9n hemos utilizado nuestra capacidad de fabricaci\u00f3n y experiencia en nuestras propias marcas y las hemos visto crecer.<\/p>\t\t\t\t\t\t\t\t<\/div>\n\t\t\t\t<\/div>\n\t\t\t\t\t<\/div>\n\t\t<\/div>\n\t\t\t\t<div class=\"elementor-column elementor-col-50 elementor-top-column elementor-element elementor-element-b41ec12\" data-id=\"b41ec12\" data-element_type=\"column\" data-e-type=\"column\">\n\t\t\t<div class=\"elementor-widget-wrap elementor-element-populated\">\n\t\t\t\t\t\t<div class=\"elementor-element elementor-element-dc404d4 elementor-widget elementor-widget-image\" data-id=\"dc404d4\" data-element_type=\"widget\" data-e-type=\"widget\" data-widget_type=\"image.default\">\n\t\t\t\t<div class=\"elementor-widget-container\">\n\t\t\t\t\t\t\t\t\t\t\t\t\t\t\t<img decoding=\"async\" width=\"1170\" height=\"469\" src=\"https:\/\/offenbachgroup.com\/wp-content\/uploads\/2022\/05\/product-portfolio-banner.jpg\" class=\"attachment-full size-full wp-image-123\" alt=\"\" srcset=\"https:\/\/offenbachgroup.com\/wp-content\/uploads\/2022\/05\/product-portfolio-banner.jpg 1170w, https:\/\/offenbachgroup.com\/wp-content\/uploads\/2022\/05\/product-portfolio-banner-300x120.jpg 300w, https:\/\/offenbachgroup.com\/wp-content\/uploads\/2022\/05\/product-portfolio-banner-1024x410.jpg 1024w, https:\/\/offenbachgroup.com\/wp-content\/uploads\/2022\/05\/product-portfolio-banner-768x308.jpg 768w\" sizes=\"(max-width: 1170px) 100vw, 1170px\" \/>\t\t\t\t\t\t\t\t\t\t\t\t\t\t\t<\/div>\n\t\t\t\t<\/div>\n\t\t\t\t<div class=\"elementor-element elementor-element-237e029 elementor-widget-divider--view-line elementor-widget elementor-widget-divider\" data-id=\"237e029\" data-element_type=\"widget\" data-e-type=\"widget\" data-widget_type=\"divider.default\">\n\t\t\t\t<div class=\"elementor-widget-container\">\n\t\t\t\t\t\t\t<div class=\"elementor-divider\">\n\t\t\t<span class=\"elementor-divider-separator\">\n\t\t\t\t\t\t<\/span>\n\t\t<\/div>\n\t\t\t\t\t\t<\/div>\n\t\t\t\t<\/div>\n\t\t\t\t<div class=\"elementor-element elementor-element-8becbee elementor-widget elementor-widget-heading\" data-id=\"8becbee\" data-element_type=\"widget\" data-e-type=\"widget\" data-widget_type=\"heading.default\">\n\t\t\t\t<div class=\"elementor-widget-container\">\n\t\t\t\t\t<h3 class=\"elementor-heading-title elementor-size-default\">Responsabilidad empresarial<\/h3>\t\t\t\t<\/div>\n\t\t\t\t<\/div>\n\t\t\t\t<div class=\"elementor-element elementor-element-e43a8e9 elementor-widget-divider--view-line elementor-widget elementor-widget-divider\" data-id=\"e43a8e9\" data-element_type=\"widget\" data-e-type=\"widget\" data-widget_type=\"divider.default\">\n\t\t\t\t<div class=\"elementor-widget-container\">\n\t\t\t\t\t\t\t<div class=\"elementor-divider\">\n\t\t\t<span class=\"elementor-divider-separator\">\n\t\t\t\t\t\t<\/span>\n\t\t<\/div>\n\t\t\t\t\t\t<\/div>\n\t\t\t\t<\/div>\n\t\t\t\t<div class=\"elementor-element elementor-element-1ebb16e elementor-widget elementor-widget-text-editor\" data-id=\"1ebb16e\" data-element_type=\"widget\" data-e-type=\"widget\" data-widget_type=\"text-editor.default\">\n\t\t\t\t<div class=\"elementor-widget-container\">\n\t\t\t\t\t\t\t\t\t<p>Somos conscientes de que nuestra industria tiene un impacto en la sociedad y el medio ambiente que nos rodea. Uno de nuestros pilares corporativos es que queremos contribuir a un futuro sostenible. Siempre nos esforzamos por comunicar e incorporar nuestros valores fundamentales de confianza, respeto y responsabilidad con nuestros fabricantes, subcontratistas, vendedores y proveedores.<\/p>\t\t\t\t\t\t\t\t<\/div>\n\t\t\t\t<\/div>\n\t\t\t\t\t<\/div>\n\t\t<\/div>\n\t\t\t\t\t<\/div>\n\t\t<\/section>\n\t\t\t\t<section class=\"elementor-section elementor-top-section elementor-element elementor-element-cc42961 elementor-section-boxed elementor-section-height-default elementor-section-height-default\" data-id=\"cc42961\" data-element_type=\"section\" data-e-type=\"section\">\n\t\t\t\t\t\t<div class=\"elementor-container elementor-column-gap-default\">\n\t\t\t\t\t<div class=\"elementor-column elementor-col-50 elementor-top-column elementor-element elementor-element-4ee6352\" data-id=\"4ee6352\" data-element_type=\"column\" data-e-type=\"column\">\n\t\t\t<div class=\"elementor-widget-wrap elementor-element-populated\">\n\t\t\t\t\t\t<div class=\"elementor-element elementor-element-929a792 elementor-widget elementor-widget-image\" data-id=\"929a792\" data-element_type=\"widget\" data-e-type=\"widget\" data-widget_type=\"image.default\">\n\t\t\t\t<div class=\"elementor-widget-container\">\n\t\t\t\t\t\t\t\t\t\t\t\t\t\t\t<img decoding=\"async\" src=\"https:\/\/offenbachgroup.com\/wp-content\/uploads\/elementor\/thumbs\/2022_06_15_Offenbach_model48300-scaled-q44qupgdj8fvv49dxsb3kuetiaakdi5vba717ecxnk.jpg\" title=\"2022_06_15_Offenbach_model48300\" alt=\"2022_06_15_Offenbach_model48300\" loading=\"lazy\" \/>\t\t\t\t\t\t\t\t\t\t\t\t\t\t\t<\/div>\n\t\t\t\t<\/div>\n\t\t\t\t<div class=\"elementor-element elementor-element-6ca6056 elementor-widget-divider--view-line elementor-widget elementor-widget-divider\" data-id=\"6ca6056\" data-element_type=\"widget\" data-e-type=\"widget\" data-widget_type=\"divider.default\">\n\t\t\t\t<div class=\"elementor-widget-container\">\n\t\t\t\t\t\t\t<div class=\"elementor-divider\">\n\t\t\t<span class=\"elementor-divider-separator\">\n\t\t\t\t\t\t<\/span>\n\t\t<\/div>\n\t\t\t\t\t\t<\/div>\n\t\t\t\t<\/div>\n\t\t\t\t<div class=\"elementor-element elementor-element-08b153e elementor-widget elementor-widget-heading\" data-id=\"08b153e\" data-element_type=\"widget\" data-e-type=\"widget\" data-widget_type=\"heading.default\">\n\t\t\t\t<div class=\"elementor-widget-container\">\n\t\t\t\t\t<h3 class=\"elementor-heading-title elementor-size-default\">Cartera de productos y dise\u00f1o<\/h3>\t\t\t\t<\/div>\n\t\t\t\t<\/div>\n\t\t\t\t<div class=\"elementor-element elementor-element-53d2986 elementor-widget-divider--view-line elementor-widget elementor-widget-divider\" data-id=\"53d2986\" data-element_type=\"widget\" data-e-type=\"widget\" data-widget_type=\"divider.default\">\n\t\t\t\t<div class=\"elementor-widget-container\">\n\t\t\t\t\t\t\t<div class=\"elementor-divider\">\n\t\t\t<span class=\"elementor-divider-separator\">\n\t\t\t\t\t\t<\/span>\n\t\t<\/div>\n\t\t\t\t\t\t<\/div>\n\t\t\t\t<\/div>\n\t\t\t\t<div class=\"elementor-element elementor-element-1f0d908 elementor-widget elementor-widget-text-editor\" data-id=\"1f0d908\" data-element_type=\"widget\" data-e-type=\"widget\" data-widget_type=\"text-editor.default\">\n\t\t\t\t<div class=\"elementor-widget-container\">\n\t\t\t\t\t\t\t\t\t<p>Con nuestro equipo de profesionales creativos dise\u00f1amos los m\u00e1s bellos productos de estilo de vida. Nuestros productos abarcan desde bisuter\u00eda y relojes, ropa y calzado hasta accesorios como bolsos y gafas de sol. Cuando los clientes ya tienen una marca emblem\u00e1tica, buscamos los productos que complementen y a\u00f1adan valor a su colecci\u00f3n actual. El Grupo Offenbach emplea a algunos de los comercializadores m\u00e1s experimentados del sector para trabajar eficazmente con propietarios de marcas, licenciantes y similares.<\/p>\t\t\t\t\t\t\t\t<\/div>\n\t\t\t\t<\/div>\n\t\t\t\t\t<\/div>\n\t\t<\/div>\n\t\t\t\t<div class=\"elementor-column elementor-col-50 elementor-top-column elementor-element elementor-element-e168a87\" data-id=\"e168a87\" data-element_type=\"column\" data-e-type=\"column\">\n\t\t\t<div class=\"elementor-widget-wrap elementor-element-populated\">\n\t\t\t\t\t\t<div class=\"elementor-element elementor-element-e88581d elementor-widget elementor-widget-image\" data-id=\"e88581d\" data-element_type=\"widget\" data-e-type=\"widget\" data-widget_type=\"image.default\">\n\t\t\t\t<div class=\"elementor-widget-container\">\n\t\t\t\t\t\t\t\t\t\t\t\t\t\t\t<img decoding=\"async\" width=\"1170\" height=\"469\" src=\"https:\/\/offenbachgroup.com\/wp-content\/uploads\/2022\/05\/quality-production-banner.jpg\" class=\"attachment-full size-full wp-image-124\" alt=\"\" srcset=\"https:\/\/offenbachgroup.com\/wp-content\/uploads\/2022\/05\/quality-production-banner.jpg 1170w, https:\/\/offenbachgroup.com\/wp-content\/uploads\/2022\/05\/quality-production-banner-300x120.jpg 300w, https:\/\/offenbachgroup.com\/wp-content\/uploads\/2022\/05\/quality-production-banner-1024x410.jpg 1024w, https:\/\/offenbachgroup.com\/wp-content\/uploads\/2022\/05\/quality-production-banner-768x308.jpg 768w\" sizes=\"(max-width: 1170px) 100vw, 1170px\" \/>\t\t\t\t\t\t\t\t\t\t\t\t\t\t\t<\/div>\n\t\t\t\t<\/div>\n\t\t\t\t<div class=\"elementor-element elementor-element-5314b0b elementor-widget-divider--view-line elementor-widget elementor-widget-divider\" data-id=\"5314b0b\" data-element_type=\"widget\" data-e-type=\"widget\" data-widget_type=\"divider.default\">\n\t\t\t\t<div class=\"elementor-widget-container\">\n\t\t\t\t\t\t\t<div class=\"elementor-divider\">\n\t\t\t<span class=\"elementor-divider-separator\">\n\t\t\t\t\t\t<\/span>\n\t\t<\/div>\n\t\t\t\t\t\t<\/div>\n\t\t\t\t<\/div>\n\t\t\t\t<div class=\"elementor-element elementor-element-fbe40c8 elementor-widget elementor-widget-heading\" data-id=\"fbe40c8\" data-element_type=\"widget\" data-e-type=\"widget\" data-widget_type=\"heading.default\">\n\t\t\t\t<div class=\"elementor-widget-container\">\n\t\t\t\t\t<h3 class=\"elementor-heading-title elementor-size-default\">Producci\u00f3n de calidad y eficiencia<\/h3>\t\t\t\t<\/div>\n\t\t\t\t<\/div>\n\t\t\t\t<div class=\"elementor-element elementor-element-da6a48e elementor-widget-divider--view-line elementor-widget elementor-widget-divider\" data-id=\"da6a48e\" data-element_type=\"widget\" data-e-type=\"widget\" data-widget_type=\"divider.default\">\n\t\t\t\t<div class=\"elementor-widget-container\">\n\t\t\t\t\t\t\t<div class=\"elementor-divider\">\n\t\t\t<span class=\"elementor-divider-separator\">\n\t\t\t\t\t\t<\/span>\n\t\t<\/div>\n\t\t\t\t\t\t<\/div>\n\t\t\t\t<\/div>\n\t\t\t\t<div class=\"elementor-element elementor-element-3f9e783 elementor-widget elementor-widget-text-editor\" data-id=\"3f9e783\" data-element_type=\"widget\" data-e-type=\"widget\" data-widget_type=\"text-editor.default\">\n\t\t\t\t<div class=\"elementor-widget-container\">\n\t\t\t\t\t\t\t\t\t<p>Nuestra red de producci\u00f3n es amplia y variada, con m\u00e1s de 50 socios de producci\u00f3n en todo el mundo, cada uno de ellos entre los mejores en su especialidad. La calidad y la rapidez de entrega son fundamentales cuando se opera en el competitivo mercado de los productos de consumo de moda, y as\u00ed lo garantizamos a lo largo de toda la cadena de suministro: selecci\u00f3n de las materias primas utilizadas, inspecci\u00f3n de los procesos de producci\u00f3n, riguroso control de calidad de los productos, etiquetado, embalaje y transporte. Para completar la entrega, tambi\u00e9n ofrecemos servicios de almacenamiento y env\u00edo directo.<\/p>\t\t\t\t\t\t\t\t<\/div>\n\t\t\t\t<\/div>\n\t\t\t\t\t<\/div>\n\t\t<\/div>\n\t\t\t\t\t<\/div>\n\t\t<\/section>\n\t\t\t\t<section class=\"elementor-section elementor-top-section elementor-element elementor-element-0fab588 elementor-section-boxed elementor-section-height-default elementor-section-height-default\" data-id=\"0fab588\" data-element_type=\"section\" data-e-type=\"section\">\n\t\t\t\t\t\t<div class=\"elementor-container elementor-column-gap-default\">\n\t\t\t\t\t<div class=\"elementor-column elementor-col-50 elementor-top-column elementor-element elementor-element-fd98c7b\" data-id=\"fd98c7b\" data-element_type=\"column\" data-e-type=\"column\">\n\t\t\t<div class=\"elementor-widget-wrap elementor-element-populated\">\n\t\t\t\t\t\t<div class=\"elementor-element elementor-element-ab12cda elementor-widget elementor-widget-image\" data-id=\"ab12cda\" data-element_type=\"widget\" data-e-type=\"widget\" data-widget_type=\"image.default\">\n\t\t\t\t<div class=\"elementor-widget-container\">\n\t\t\t\t\t\t\t\t\t\t\t\t\t\t\t<img decoding=\"async\" src=\"https:\/\/offenbachgroup.com\/wp-content\/uploads\/elementor\/thumbs\/Beurzen-rjyft4ub7zv5ilsdrz2lti69kfjugk44zcmdbky8gw.jpg\" title=\"Beurzen\" alt=\"Beurzen\" loading=\"lazy\" \/>\t\t\t\t\t\t\t\t\t\t\t\t\t\t\t<\/div>\n\t\t\t\t<\/div>\n\t\t\t\t<div class=\"elementor-element elementor-element-c87bbc1 elementor-widget-divider--view-line elementor-widget elementor-widget-divider\" data-id=\"c87bbc1\" data-element_type=\"widget\" data-e-type=\"widget\" data-widget_type=\"divider.default\">\n\t\t\t\t<div class=\"elementor-widget-container\">\n\t\t\t\t\t\t\t<div class=\"elementor-divider\">\n\t\t\t<span class=\"elementor-divider-separator\">\n\t\t\t\t\t\t<\/span>\n\t\t<\/div>\n\t\t\t\t\t\t<\/div>\n\t\t\t\t<\/div>\n\t\t\t\t<div class=\"elementor-element elementor-element-06e0804 elementor-widget elementor-widget-heading\" data-id=\"06e0804\" data-element_type=\"widget\" data-e-type=\"widget\" data-widget_type=\"heading.default\">\n\t\t\t\t<div class=\"elementor-widget-container\">\n\t\t\t\t\t<h3 class=\"elementor-heading-title elementor-size-default\">Ferias<\/h3>\t\t\t\t<\/div>\n\t\t\t\t<\/div>\n\t\t\t\t<div class=\"elementor-element elementor-element-2b401f4 elementor-widget-divider--view-line elementor-widget elementor-widget-divider\" data-id=\"2b401f4\" data-element_type=\"widget\" data-e-type=\"widget\" data-widget_type=\"divider.default\">\n\t\t\t\t<div class=\"elementor-widget-container\">\n\t\t\t\t\t\t\t<div class=\"elementor-divider\">\n\t\t\t<span class=\"elementor-divider-separator\">\n\t\t\t\t\t\t<\/span>\n\t\t<\/div>\n\t\t\t\t\t\t<\/div>\n\t\t\t\t<\/div>\n\t\t\t\t<div class=\"elementor-element elementor-element-48d0ea1 elementor-widget elementor-widget-text-editor\" data-id=\"48d0ea1\" data-element_type=\"widget\" data-e-type=\"widget\" data-widget_type=\"text-editor.default\">\n\t\t\t\t<div class=\"elementor-widget-container\">\n\t\t\t\t\t\t\t\t\t<p>El Grupo Offenbach participa regularmente en ferias nacionales e internacionales. Estos eventos nos brindan la oportunidad de lanzar nuevas colecciones, presentar tendencias emergentes y conectar con socios tanto existentes como nuevos.<br \/>Estamos presentes, entre otros, en:<\/p><ul><li>Feria de joyer\u00eda HKTDC<\/li><li>Vicenzaoro<\/li><li>Inhorgenta<\/li><\/ul><p>Las ferias son una plataforma importante para que compartamos inspiraci\u00f3n y nos relacionemos con el mercado. Esperamos verle all\u00ed.<\/p>\t\t\t\t\t\t\t\t<\/div>\n\t\t\t\t<\/div>\n\t\t\t\t\t<\/div>\n\t\t<\/div>\n\t\t\t\t<div class=\"elementor-column elementor-col-50 elementor-top-column elementor-element elementor-element-7c4877f\" data-id=\"7c4877f\" data-element_type=\"column\" data-e-type=\"column\">\n\t\t\t<div class=\"elementor-widget-wrap elementor-element-populated\">\n\t\t\t\t\t\t<div class=\"elementor-element elementor-element-2ec91d7 elementor-widget elementor-widget-image\" data-id=\"2ec91d7\" data-element_type=\"widget\" data-e-type=\"widget\" data-widget_type=\"image.default\">\n\t\t\t\t<div class=\"elementor-widget-container\">\n\t\t\t\t\t\t\t\t\t\t\t\t\t\t\t<img loading=\"lazy\" decoding=\"async\" width=\"1170\" height=\"469\" src=\"https:\/\/offenbachgroup.com\/wp-content\/uploads\/2026\/03\/Showroom.jpg\" class=\"attachment-full size-full wp-image-3998\" alt=\"\" srcset=\"https:\/\/offenbachgroup.com\/wp-content\/uploads\/2026\/03\/Showroom.jpg 1170w, https:\/\/offenbachgroup.com\/wp-content\/uploads\/2026\/03\/Showroom-300x120.jpg 300w, https:\/\/offenbachgroup.com\/wp-content\/uploads\/2026\/03\/Showroom-1024x410.jpg 1024w, https:\/\/offenbachgroup.com\/wp-content\/uploads\/2026\/03\/Showroom-768x308.jpg 768w, https:\/\/offenbachgroup.com\/wp-content\/uploads\/2026\/03\/Showroom-18x7.jpg 18w\" sizes=\"(max-width: 1170px) 100vw, 1170px\" \/>\t\t\t\t\t\t\t\t\t\t\t\t\t\t\t<\/div>\n\t\t\t\t<\/div>\n\t\t\t\t<div class=\"elementor-element elementor-element-b9ab452 elementor-widget-divider--view-line elementor-widget elementor-widget-divider\" data-id=\"b9ab452\" data-element_type=\"widget\" data-e-type=\"widget\" data-widget_type=\"divider.default\">\n\t\t\t\t<div class=\"elementor-widget-container\">\n\t\t\t\t\t\t\t<div class=\"elementor-divider\">\n\t\t\t<span class=\"elementor-divider-separator\">\n\t\t\t\t\t\t<\/span>\n\t\t<\/div>\n\t\t\t\t\t\t<\/div>\n\t\t\t\t<\/div>\n\t\t\t\t<div class=\"elementor-element elementor-element-3d31db3 elementor-widget elementor-widget-heading\" data-id=\"3d31db3\" data-element_type=\"widget\" data-e-type=\"widget\" data-widget_type=\"heading.default\">\n\t\t\t\t<div class=\"elementor-widget-container\">\n\t\t\t\t\t<h3 class=\"elementor-heading-title elementor-size-default\">Sala de exposiciones<\/h3>\t\t\t\t<\/div>\n\t\t\t\t<\/div>\n\t\t\t\t<div class=\"elementor-element elementor-element-f3ca0f6 elementor-widget-divider--view-line elementor-widget elementor-widget-divider\" data-id=\"f3ca0f6\" data-element_type=\"widget\" data-e-type=\"widget\" data-widget_type=\"divider.default\">\n\t\t\t\t<div class=\"elementor-widget-container\">\n\t\t\t\t\t\t\t<div class=\"elementor-divider\">\n\t\t\t<span class=\"elementor-divider-separator\">\n\t\t\t\t\t\t<\/span>\n\t\t<\/div>\n\t\t\t\t\t\t<\/div>\n\t\t\t\t<\/div>\n\t\t\t\t<div class=\"elementor-element elementor-element-11fefc5 elementor-widget elementor-widget-text-editor\" data-id=\"11fefc5\" data-element_type=\"widget\" data-e-type=\"widget\" data-widget_type=\"text-editor.default\">\n\t\t\t\t<div class=\"elementor-widget-container\">\n\t\t\t\t\t\t\t\t\t<p>Nuestra sala de exposiciones es el coraz\u00f3n del Grupo Offenbach. Aqu\u00ed presentamos nuestras colecciones en un entorno inspirador en el que confluyen calidad, dise\u00f1o y atenci\u00f3n al detalle. Clientes y socios tienen la oportunidad de conocer de cerca nuestros productos y recibir asesoramiento personal de nuestro equipo. La sala de exposiciones est\u00e1 dise\u00f1ada para ofrecer una visi\u00f3n clara de nuestras marcas y colecciones. Creemos que los productos cobran vida cuando se experimentan en persona.<\/p><p>Le invitamos cordialmente a concertar una cita personal, ya sea por tel\u00e9fono o por correo electr\u00f3nico. Durante esta reuni\u00f3n, estaremos encantados de analizar las distintas posibilidades, tanto si est\u00e1 interesado en desarrollar su propia l\u00ednea de joyer\u00eda privada como en explorar colecciones comisariadas para su joyer\u00eda. Nuestro equipo le guiar\u00e1 en cada paso del proceso y le proporcionar\u00e1 asesoramiento personalizado para encontrar la mejor soluci\u00f3n para su negocio. Nuestro objetivo es crear una asociaci\u00f3n basada en la confianza, la experiencia y el \u00e9xito compartido.<\/p><p>Concierte hoy mismo su cita personal en la sala de exposiciones y explore las oportunidades con nuestro equipo. P\u00f3ngase en contacto con nosotros <a href=\"tel:+31886644100\">tel\u00e9fono<\/a> o <a href=\"https:\/\/offenbachgroup.com\/es\/contact\/\">correo electr\u00f3nico<\/a> para concertar su consulta. Estaremos encantados de recibirle.<\/p>\t\t\t\t\t\t\t\t<\/div>\n\t\t\t\t<\/div>\n\t\t\t\t\t<\/div>\n\t\t<\/div>\n\t\t\t\t\t<\/div>\n\t\t<\/section>\n\t\t\t\t<\/div>","protected":false},"excerpt":{"rendered":"<p>About us Brand Development\u200b Growing brands in the fashion jewelry and accessories industry takes exceptional coordination, experience and perseverance, at The Offenbach Group we have more than three decades of experience in just that! We are the trusted partner for many brands around the world, whether just starting or already developed brands under our support [&hellip;]<\/p>\n","protected":false},"author":2,"featured_media":0,"parent":0,"menu_order":0,"comment_status":"closed","ping_status":"closed","template":"","meta":{"footnotes":""},"class_list":["post-2212","page","type-page","status-publish","hentry"],"_links":{"self":[{"href":"https:\/\/offenbachgroup.com\/es\/wp-json\/wp\/v2\/pages\/2212","targetHints":{"allow":["GET"]}}],"collection":[{"href":"https:\/\/offenbachgroup.com\/es\/wp-json\/wp\/v2\/pages"}],"about":[{"href":"https:\/\/offenbachgroup.com\/es\/wp-json\/wp\/v2\/types\/page"}],"author":[{"embeddable":true,"href":"https:\/\/offenbachgroup.com\/es\/wp-json\/wp\/v2\/users\/2"}],"replies":[{"embeddable":true,"href":"https:\/\/offenbachgroup.com\/es\/wp-json\/wp\/v2\/comments?post=2212"}],"version-history":[{"count":25,"href":"https:\/\/offenbachgroup.com\/es\/wp-json\/wp\/v2\/pages\/2212\/revisions"}],"predecessor-version":[{"id":4003,"href":"https:\/\/offenbachgroup.com\/es\/wp-json\/wp\/v2\/pages\/2212\/revisions\/4003"}],"wp:attachment":[{"href":"https:\/\/offenbachgroup.com\/es\/wp-json\/wp\/v2\/media?parent=2212"}],"curies":[{"name":"wp","href":"https:\/\/api.w.org\/{rel}","templated":true}]}}