{"id":22,"date":"2022-05-29T10:39:27","date_gmt":"2022-05-29T10:39:27","guid":{"rendered":"https:\/\/offenbachgroup.com\/?page_id=22"},"modified":"2023-10-04T09:40:53","modified_gmt":"2023-10-04T09:40:53","slug":"product-portfolio","status":"publish","type":"page","link":"https:\/\/offenbachgroup.com\/es\/product-portfolio\/","title":{"rendered":"Cartera de productos"},"content":{"rendered":"<div data-elementor-type=\"wp-post\" data-elementor-id=\"22\" class=\"elementor elementor-22\" data-elementor-post-type=\"page\">\n\t\t\t\t\t\t<section class=\"elementor-section elementor-top-section elementor-element elementor-element-3c1f336e elementor-section-boxed elementor-section-height-default elementor-section-height-default\" data-id=\"3c1f336e\" data-element_type=\"section\" data-e-type=\"section\">\n\t\t\t\t\t\t<div class=\"elementor-container elementor-column-gap-default\">\n\t\t\t\t\t<div class=\"elementor-column elementor-col-100 elementor-top-column elementor-element elementor-element-1a429857\" data-id=\"1a429857\" data-element_type=\"column\" data-e-type=\"column\">\n\t\t\t<div class=\"elementor-widget-wrap elementor-element-populated\">\n\t\t\t\t\t\t<div class=\"elementor-element elementor-element-2851f2a9 elementor-widget elementor-widget-image\" data-id=\"2851f2a9\" data-element_type=\"widget\" data-e-type=\"widget\" data-widget_type=\"image.default\">\n\t\t\t\t<div class=\"elementor-widget-container\">\n\t\t\t\t\t\t\t\t\t\t\t\t\t\t\t<img fetchpriority=\"high\" decoding=\"async\" width=\"1170\" height=\"469\" src=\"https:\/\/offenbachgroup.com\/wp-content\/uploads\/2022\/05\/product-portfolio-banner.jpg\" class=\"attachment-full size-full wp-image-123\" alt=\"\" srcset=\"https:\/\/offenbachgroup.com\/wp-content\/uploads\/2022\/05\/product-portfolio-banner.jpg 1170w, https:\/\/offenbachgroup.com\/wp-content\/uploads\/2022\/05\/product-portfolio-banner-300x120.jpg 300w, https:\/\/offenbachgroup.com\/wp-content\/uploads\/2022\/05\/product-portfolio-banner-1024x410.jpg 1024w, https:\/\/offenbachgroup.com\/wp-content\/uploads\/2022\/05\/product-portfolio-banner-768x308.jpg 768w\" sizes=\"(max-width: 1170px) 100vw, 1170px\" \/>\t\t\t\t\t\t\t\t\t\t\t\t\t\t\t<\/div>\n\t\t\t\t<\/div>\n\t\t\t\t<div class=\"elementor-element elementor-element-7cac1155 elementor-widget-divider--view-line elementor-widget elementor-widget-divider\" data-id=\"7cac1155\" data-element_type=\"widget\" data-e-type=\"widget\" data-widget_type=\"divider.default\">\n\t\t\t\t<div class=\"elementor-widget-container\">\n\t\t\t\t\t\t\t<div class=\"elementor-divider\">\n\t\t\t<span class=\"elementor-divider-separator\">\n\t\t\t\t\t\t<\/span>\n\t\t<\/div>\n\t\t\t\t\t\t<\/div>\n\t\t\t\t<\/div>\n\t\t\t\t<div class=\"elementor-element elementor-element-14b69357 elementor-widget elementor-widget-heading\" data-id=\"14b69357\" data-element_type=\"widget\" data-e-type=\"widget\" data-widget_type=\"heading.default\">\n\t\t\t\t<div class=\"elementor-widget-container\">\n\t\t\t\t\t<h2 class=\"elementor-heading-title elementor-size-default\">Cartera de productos y dise\u00f1o<\/h2>\t\t\t\t<\/div>\n\t\t\t\t<\/div>\n\t\t\t\t<div class=\"elementor-element elementor-element-8c96def elementor-widget-divider--view-line elementor-widget elementor-widget-divider\" data-id=\"8c96def\" data-element_type=\"widget\" data-e-type=\"widget\" data-widget_type=\"divider.default\">\n\t\t\t\t<div class=\"elementor-widget-container\">\n\t\t\t\t\t\t\t<div class=\"elementor-divider\">\n\t\t\t<span class=\"elementor-divider-separator\">\n\t\t\t\t\t\t<\/span>\n\t\t<\/div>\n\t\t\t\t\t\t<\/div>\n\t\t\t\t<\/div>\n\t\t\t\t<div class=\"elementor-element elementor-element-9e4ed7e elementor-widget elementor-widget-text-editor\" data-id=\"9e4ed7e\" data-element_type=\"widget\" data-e-type=\"widget\" data-widget_type=\"text-editor.default\">\n\t\t\t\t<div class=\"elementor-widget-container\">\n\t\t\t\t\t\t\t\t\t<p>Con nuestro equipo de profesionales creativos dise\u00f1amos los m\u00e1s bellos productos de estilo de vida. Nuestros productos abarcan desde bisuter\u00eda y relojes, ropa y calzado hasta accesorios como bolsos y gafas de sol. Cuando los clientes ya tienen una marca emblem\u00e1tica, buscamos los productos que complementen y a\u00f1adan valor a su colecci\u00f3n actual. El Grupo Offenbach emplea a algunos de los comercializadores m\u00e1s experimentados del sector para trabajar eficazmente con propietarios de marcas, licenciantes y similares.<\/p>\t\t\t\t\t\t\t\t<\/div>\n\t\t\t\t<\/div>\n\t\t\t\t<div class=\"elementor-element elementor-element-7f3b39eb elementor-widget-divider--view-line elementor-widget elementor-widget-divider\" data-id=\"7f3b39eb\" data-element_type=\"widget\" data-e-type=\"widget\" data-widget_type=\"divider.default\">\n\t\t\t\t<div class=\"elementor-widget-container\">\n\t\t\t\t\t\t\t<div class=\"elementor-divider\">\n\t\t\t<span class=\"elementor-divider-separator\">\n\t\t\t\t\t\t<\/span>\n\t\t<\/div>\n\t\t\t\t\t\t<\/div>\n\t\t\t\t<\/div>\n\t\t\t\t\t<\/div>\n\t\t<\/div>\n\t\t\t\t\t<\/div>\n\t\t<\/section>\n\t\t\t\t<\/div>","protected":false},"excerpt":{"rendered":"<p>Product Portfolio And Design With our team of creative professionals we design the most beautiful lifestyle products. Our products range from fashion jewelry and watches, clothing, footwear but also accessories like handbags and sunglasses. When customers already have an iconic brand we search for the products that complement and add value to their existing collection. [&hellip;]<\/p>\n","protected":false},"author":1,"featured_media":0,"parent":0,"menu_order":0,"comment_status":"closed","ping_status":"closed","template":"","meta":{"footnotes":""},"class_list":["post-22","page","type-page","status-publish","hentry"],"_links":{"self":[{"href":"https:\/\/offenbachgroup.com\/es\/wp-json\/wp\/v2\/pages\/22","targetHints":{"allow":["GET"]}}],"collection":[{"href":"https:\/\/offenbachgroup.com\/es\/wp-json\/wp\/v2\/pages"}],"about":[{"href":"https:\/\/offenbachgroup.com\/es\/wp-json\/wp\/v2\/types\/page"}],"author":[{"embeddable":true,"href":"https:\/\/offenbachgroup.com\/es\/wp-json\/wp\/v2\/users\/1"}],"replies":[{"embeddable":true,"href":"https:\/\/offenbachgroup.com\/es\/wp-json\/wp\/v2\/comments?post=22"}],"version-history":[{"count":29,"href":"https:\/\/offenbachgroup.com\/es\/wp-json\/wp\/v2\/pages\/22\/revisions"}],"predecessor-version":[{"id":2937,"href":"https:\/\/offenbachgroup.com\/es\/wp-json\/wp\/v2\/pages\/22\/revisions\/2937"}],"wp:attachment":[{"href":"https:\/\/offenbachgroup.com\/es\/wp-json\/wp\/v2\/media?parent=22"}],"curies":[{"name":"wp","href":"https:\/\/api.w.org\/{rel}","templated":true}]}}