{"id":20,"date":"2022-05-29T10:38:41","date_gmt":"2022-05-29T10:38:41","guid":{"rendered":"https:\/\/offenbachgroup.com\/?page_id=20"},"modified":"2023-10-04T09:48:49","modified_gmt":"2023-10-04T09:48:49","slug":"brand-development","status":"publish","type":"page","link":"https:\/\/offenbachgroup.com\/es\/brand-development\/","title":{"rendered":"Brand Development"},"content":{"rendered":"<div data-elementor-type=\"wp-page\" data-elementor-id=\"20\" class=\"elementor elementor-20\" data-elementor-post-type=\"page\">\n\t\t\t\t\t\t<section class=\"elementor-section elementor-top-section elementor-element elementor-element-7a8d5f04 elementor-section-height-min-height elementor-section-items-top elementor-section-content-middle elementor-section-boxed elementor-section-height-default\" data-id=\"7a8d5f04\" data-element_type=\"section\" data-e-type=\"section\">\n\t\t\t\t\t\t<div class=\"elementor-container elementor-column-gap-default\">\n\t\t\t\t\t<div class=\"elementor-column elementor-col-100 elementor-top-column elementor-element elementor-element-a756312\" data-id=\"a756312\" data-element_type=\"column\" data-e-type=\"column\">\n\t\t\t<div class=\"elementor-widget-wrap elementor-element-populated\">\n\t\t\t\t\t\t<div class=\"elementor-element elementor-element-4928f06e elementor-widget elementor-widget-image\" data-id=\"4928f06e\" data-element_type=\"widget\" data-e-type=\"widget\" data-widget_type=\"image.default\">\n\t\t\t\t<div class=\"elementor-widget-container\">\n\t\t\t\t\t\t\t\t\t\t\t\t\t\t\t<img fetchpriority=\"high\" decoding=\"async\" width=\"1170\" height=\"469\" src=\"https:\/\/offenbachgroup.com\/wp-content\/uploads\/2022\/05\/brand-development-banner.jpg\" class=\"attachment-full size-full wp-image-121\" alt=\"\" srcset=\"https:\/\/offenbachgroup.com\/wp-content\/uploads\/2022\/05\/brand-development-banner.jpg 1170w, https:\/\/offenbachgroup.com\/wp-content\/uploads\/2022\/05\/brand-development-banner-300x120.jpg 300w, https:\/\/offenbachgroup.com\/wp-content\/uploads\/2022\/05\/brand-development-banner-1024x410.jpg 1024w, https:\/\/offenbachgroup.com\/wp-content\/uploads\/2022\/05\/brand-development-banner-768x308.jpg 768w\" sizes=\"(max-width: 1170px) 100vw, 1170px\" \/>\t\t\t\t\t\t\t\t\t\t\t\t\t\t\t<\/div>\n\t\t\t\t<\/div>\n\t\t\t\t<div class=\"elementor-element elementor-element-51248ffd elementor-widget-divider--view-line elementor-widget elementor-widget-divider\" data-id=\"51248ffd\" data-element_type=\"widget\" data-e-type=\"widget\" data-widget_type=\"divider.default\">\n\t\t\t\t<div class=\"elementor-widget-container\">\n\t\t\t\t\t\t\t<div class=\"elementor-divider\">\n\t\t\t<span class=\"elementor-divider-separator\">\n\t\t\t\t\t\t<\/span>\n\t\t<\/div>\n\t\t\t\t\t\t<\/div>\n\t\t\t\t<\/div>\n\t\t\t\t<div class=\"elementor-element elementor-element-ac7be36 elementor-widget elementor-widget-heading\" data-id=\"ac7be36\" data-element_type=\"widget\" data-e-type=\"widget\" data-widget_type=\"heading.default\">\n\t\t\t\t<div class=\"elementor-widget-container\">\n\t\t\t\t\t<h2 class=\"elementor-heading-title elementor-size-default\">Desarrollo de la marca<\/h2>\t\t\t\t<\/div>\n\t\t\t\t<\/div>\n\t\t\t\t<div class=\"elementor-element elementor-element-0367599 elementor-widget-divider--view-line elementor-widget elementor-widget-divider\" data-id=\"0367599\" data-element_type=\"widget\" data-e-type=\"widget\" data-widget_type=\"divider.default\">\n\t\t\t\t<div class=\"elementor-widget-container\">\n\t\t\t\t\t\t\t<div class=\"elementor-divider\">\n\t\t\t<span class=\"elementor-divider-separator\">\n\t\t\t\t\t\t<\/span>\n\t\t<\/div>\n\t\t\t\t\t\t<\/div>\n\t\t\t\t<\/div>\n\t\t\t\t<div class=\"elementor-element elementor-element-22e80d37 elementor-widget elementor-widget-text-editor\" data-id=\"22e80d37\" data-element_type=\"widget\" data-e-type=\"widget\" data-widget_type=\"text-editor.default\">\n\t\t\t\t<div class=\"elementor-widget-container\">\n\t\t\t\t\t\t\t\t\t<p>El desarrollo de marcas en el sector de la bisuter\u00eda y los accesorios de moda requiere una coordinaci\u00f3n, experiencia y perseverancia excepcionales. En el Grupo Offenbach contamos con m\u00e1s de tres d\u00e9cadas de experiencia en este campo. Somos el socio de confianza de muchas marcas de todo el mundo, tanto si se trata de marcas que acaban de empezar como de marcas ya desarrolladas, bajo nuestro apoyo hemos visto prevalecer la innovaci\u00f3n y el \u00e9xito. Adem\u00e1s, tambi\u00e9n hemos utilizado nuestra capacidad de fabricaci\u00f3n y experiencia en nuestras propias marcas y las hemos visto crecer.<\/p>\t\t\t\t\t\t\t\t<\/div>\n\t\t\t\t<\/div>\n\t\t\t\t<div class=\"elementor-element elementor-element-14681795 elementor-widget-divider--view-line elementor-widget elementor-widget-divider\" data-id=\"14681795\" data-element_type=\"widget\" data-e-type=\"widget\" data-widget_type=\"divider.default\">\n\t\t\t\t<div class=\"elementor-widget-container\">\n\t\t\t\t\t\t\t<div class=\"elementor-divider\">\n\t\t\t<span class=\"elementor-divider-separator\">\n\t\t\t\t\t\t<\/span>\n\t\t<\/div>\n\t\t\t\t\t\t<\/div>\n\t\t\t\t<\/div>\n\t\t\t\t\t<\/div>\n\t\t<\/div>\n\t\t\t\t\t<\/div>\n\t\t<\/section>\n\t\t\t\t<\/div>","protected":false},"excerpt":{"rendered":"<p>Brand Development\u200b Growing brands in the fashion jewelry and accessories industry takes exceptional coordination, experience and perseverance, at The Offenbach Group we have more than three decades of experience in just that! We are the trusted partner for many brands around the world, whether just starting or already developed brands under our support we have [&hellip;]<\/p>\n","protected":false},"author":1,"featured_media":0,"parent":0,"menu_order":0,"comment_status":"closed","ping_status":"closed","template":"","meta":{"footnotes":""},"class_list":["post-20","page","type-page","status-publish","hentry"],"_links":{"self":[{"href":"https:\/\/offenbachgroup.com\/es\/wp-json\/wp\/v2\/pages\/20","targetHints":{"allow":["GET"]}}],"collection":[{"href":"https:\/\/offenbachgroup.com\/es\/wp-json\/wp\/v2\/pages"}],"about":[{"href":"https:\/\/offenbachgroup.com\/es\/wp-json\/wp\/v2\/types\/page"}],"author":[{"embeddable":true,"href":"https:\/\/offenbachgroup.com\/es\/wp-json\/wp\/v2\/users\/1"}],"replies":[{"embeddable":true,"href":"https:\/\/offenbachgroup.com\/es\/wp-json\/wp\/v2\/comments?post=20"}],"version-history":[{"count":58,"href":"https:\/\/offenbachgroup.com\/es\/wp-json\/wp\/v2\/pages\/20\/revisions"}],"predecessor-version":[{"id":2965,"href":"https:\/\/offenbachgroup.com\/es\/wp-json\/wp\/v2\/pages\/20\/revisions\/2965"}],"wp:attachment":[{"href":"https:\/\/offenbachgroup.com\/es\/wp-json\/wp\/v2\/media?parent=20"}],"curies":[{"name":"wp","href":"https:\/\/api.w.org\/{rel}","templated":true}]}}