{"id":2212,"date":"2023-10-03T07:46:37","date_gmt":"2023-10-03T07:46:37","guid":{"rendered":"https:\/\/offenbachgroup.com\/?page_id=2212"},"modified":"2026-03-03T08:34:26","modified_gmt":"2026-03-03T08:34:26","slug":"about-us","status":"publish","type":"page","link":"https:\/\/offenbachgroup.com\/de\/about-us\/","title":{"rendered":"\u00dcber uns"},"content":{"rendered":"<div data-elementor-type=\"wp-page\" data-elementor-id=\"2212\" class=\"elementor elementor-2212\" data-elementor-post-type=\"page\">\n\t\t\t\t\t\t<section class=\"elementor-section elementor-top-section elementor-element elementor-element-788b40f elementor-section-boxed elementor-section-height-default elementor-section-height-default\" data-id=\"788b40f\" data-element_type=\"section\" data-e-type=\"section\">\n\t\t\t\t\t\t<div class=\"elementor-container elementor-column-gap-default\">\n\t\t\t\t\t<div class=\"elementor-column elementor-col-100 elementor-top-column elementor-element elementor-element-f889a9b\" data-id=\"f889a9b\" data-element_type=\"column\" data-e-type=\"column\">\n\t\t\t<div class=\"elementor-widget-wrap elementor-element-populated\">\n\t\t\t\t\t\t<div class=\"elementor-element elementor-element-89aaf6c elementor-widget elementor-widget-heading\" data-id=\"89aaf6c\" data-element_type=\"widget\" data-e-type=\"widget\" data-widget_type=\"heading.default\">\n\t\t\t\t<div class=\"elementor-widget-container\">\n\t\t\t\t\t<h2 class=\"elementor-heading-title elementor-size-default\">\u00dcber uns<\/h2>\t\t\t\t<\/div>\n\t\t\t\t<\/div>\n\t\t\t\t\t<\/div>\n\t\t<\/div>\n\t\t\t\t\t<\/div>\n\t\t<\/section>\n\t\t\t\t<section class=\"elementor-section elementor-top-section elementor-element elementor-element-46230f3 elementor-section-boxed elementor-section-height-default elementor-section-height-default\" data-id=\"46230f3\" data-element_type=\"section\" data-e-type=\"section\">\n\t\t\t\t\t\t<div class=\"elementor-container elementor-column-gap-default\">\n\t\t\t\t\t<div class=\"elementor-column elementor-col-50 elementor-top-column elementor-element elementor-element-dd2e57e\" data-id=\"dd2e57e\" data-element_type=\"column\" data-e-type=\"column\">\n\t\t\t<div class=\"elementor-widget-wrap elementor-element-populated\">\n\t\t\t\t\t\t<div class=\"elementor-element elementor-element-cac684c elementor-widget elementor-widget-image\" data-id=\"cac684c\" data-element_type=\"widget\" data-e-type=\"widget\" data-widget_type=\"image.default\">\n\t\t\t\t<div class=\"elementor-widget-container\">\n\t\t\t\t\t\t\t\t\t\t\t\t\t\t\t<img fetchpriority=\"high\" decoding=\"async\" width=\"1170\" height=\"469\" src=\"https:\/\/offenbachgroup.com\/wp-content\/uploads\/2026\/02\/Ontwerp-zonder-titel-21.jpg\" class=\"attachment-full size-full wp-image-3857\" alt=\"\" srcset=\"https:\/\/offenbachgroup.com\/wp-content\/uploads\/2026\/02\/Ontwerp-zonder-titel-21.jpg 1170w, https:\/\/offenbachgroup.com\/wp-content\/uploads\/2026\/02\/Ontwerp-zonder-titel-21-300x120.jpg 300w, https:\/\/offenbachgroup.com\/wp-content\/uploads\/2026\/02\/Ontwerp-zonder-titel-21-1024x410.jpg 1024w, https:\/\/offenbachgroup.com\/wp-content\/uploads\/2026\/02\/Ontwerp-zonder-titel-21-768x308.jpg 768w, https:\/\/offenbachgroup.com\/wp-content\/uploads\/2026\/02\/Ontwerp-zonder-titel-21-18x7.jpg 18w\" sizes=\"(max-width: 1170px) 100vw, 1170px\" \/>\t\t\t\t\t\t\t\t\t\t\t\t\t\t\t<\/div>\n\t\t\t\t<\/div>\n\t\t\t\t<div class=\"elementor-element elementor-element-ee69559 elementor-widget-divider--view-line elementor-widget elementor-widget-divider\" data-id=\"ee69559\" data-element_type=\"widget\" data-e-type=\"widget\" data-widget_type=\"divider.default\">\n\t\t\t\t<div class=\"elementor-widget-container\">\n\t\t\t\t\t\t\t<div class=\"elementor-divider\">\n\t\t\t<span class=\"elementor-divider-separator\">\n\t\t\t\t\t\t<\/span>\n\t\t<\/div>\n\t\t\t\t\t\t<\/div>\n\t\t\t\t<\/div>\n\t\t\t\t<div class=\"elementor-element elementor-element-15b1ccd elementor-widget elementor-widget-heading\" data-id=\"15b1ccd\" data-element_type=\"widget\" data-e-type=\"widget\" data-widget_type=\"heading.default\">\n\t\t\t\t<div class=\"elementor-widget-container\">\n\t\t\t\t\t<h3 class=\"elementor-heading-title elementor-size-default\">Entwicklung der Marke<\/h3>\t\t\t\t<\/div>\n\t\t\t\t<\/div>\n\t\t\t\t<div class=\"elementor-element elementor-element-c790953 elementor-widget-divider--view-line elementor-widget elementor-widget-divider\" data-id=\"c790953\" data-element_type=\"widget\" data-e-type=\"widget\" data-widget_type=\"divider.default\">\n\t\t\t\t<div class=\"elementor-widget-container\">\n\t\t\t\t\t\t\t<div class=\"elementor-divider\">\n\t\t\t<span class=\"elementor-divider-separator\">\n\t\t\t\t\t\t<\/span>\n\t\t<\/div>\n\t\t\t\t\t\t<\/div>\n\t\t\t\t<\/div>\n\t\t\t\t<div class=\"elementor-element elementor-element-c2c0cd6 elementor-widget elementor-widget-text-editor\" data-id=\"c2c0cd6\" data-element_type=\"widget\" data-e-type=\"widget\" data-widget_type=\"text-editor.default\">\n\t\t\t\t<div class=\"elementor-widget-container\">\n\t\t\t\t\t\t\t\t\t<p>Das Wachstum von Marken in der Modeschmuck- und Accessoire-Branche erfordert au\u00dfergew\u00f6hnliche Koordination, Erfahrung und Ausdauer. Wir von der Offenbach-Gruppe haben mehr als drei Jahrzehnte Erfahrung in genau diesem Bereich! Wir sind der vertrauensw\u00fcrdige Partner f\u00fcr viele Marken auf der ganzen Welt, egal ob es sich um neu gegr\u00fcndete oder bereits entwickelte Marken handelt, die mit unserer Unterst\u00fctzung Innovation und Erfolg erlebt haben. Dar\u00fcber hinaus haben wir unsere Produktionskraft und Erfahrung auch f\u00fcr unsere eigenen Marken eingesetzt und sie wachsen sehen.<\/p>\t\t\t\t\t\t\t\t<\/div>\n\t\t\t\t<\/div>\n\t\t\t\t\t<\/div>\n\t\t<\/div>\n\t\t\t\t<div class=\"elementor-column elementor-col-50 elementor-top-column elementor-element elementor-element-b41ec12\" data-id=\"b41ec12\" data-element_type=\"column\" data-e-type=\"column\">\n\t\t\t<div class=\"elementor-widget-wrap elementor-element-populated\">\n\t\t\t\t\t\t<div class=\"elementor-element elementor-element-dc404d4 elementor-widget elementor-widget-image\" data-id=\"dc404d4\" data-element_type=\"widget\" data-e-type=\"widget\" data-widget_type=\"image.default\">\n\t\t\t\t<div class=\"elementor-widget-container\">\n\t\t\t\t\t\t\t\t\t\t\t\t\t\t\t<img decoding=\"async\" width=\"1170\" height=\"469\" src=\"https:\/\/offenbachgroup.com\/wp-content\/uploads\/2022\/05\/product-portfolio-banner.jpg\" class=\"attachment-full size-full wp-image-123\" alt=\"\" srcset=\"https:\/\/offenbachgroup.com\/wp-content\/uploads\/2022\/05\/product-portfolio-banner.jpg 1170w, https:\/\/offenbachgroup.com\/wp-content\/uploads\/2022\/05\/product-portfolio-banner-300x120.jpg 300w, https:\/\/offenbachgroup.com\/wp-content\/uploads\/2022\/05\/product-portfolio-banner-1024x410.jpg 1024w, https:\/\/offenbachgroup.com\/wp-content\/uploads\/2022\/05\/product-portfolio-banner-768x308.jpg 768w\" sizes=\"(max-width: 1170px) 100vw, 1170px\" \/>\t\t\t\t\t\t\t\t\t\t\t\t\t\t\t<\/div>\n\t\t\t\t<\/div>\n\t\t\t\t<div class=\"elementor-element elementor-element-237e029 elementor-widget-divider--view-line elementor-widget elementor-widget-divider\" data-id=\"237e029\" data-element_type=\"widget\" data-e-type=\"widget\" data-widget_type=\"divider.default\">\n\t\t\t\t<div class=\"elementor-widget-container\">\n\t\t\t\t\t\t\t<div class=\"elementor-divider\">\n\t\t\t<span class=\"elementor-divider-separator\">\n\t\t\t\t\t\t<\/span>\n\t\t<\/div>\n\t\t\t\t\t\t<\/div>\n\t\t\t\t<\/div>\n\t\t\t\t<div class=\"elementor-element elementor-element-8becbee elementor-widget elementor-widget-heading\" data-id=\"8becbee\" data-element_type=\"widget\" data-e-type=\"widget\" data-widget_type=\"heading.default\">\n\t\t\t\t<div class=\"elementor-widget-container\">\n\t\t\t\t\t<h3 class=\"elementor-heading-title elementor-size-default\">Unternehmerische Verantwortung<\/h3>\t\t\t\t<\/div>\n\t\t\t\t<\/div>\n\t\t\t\t<div class=\"elementor-element elementor-element-e43a8e9 elementor-widget-divider--view-line elementor-widget elementor-widget-divider\" data-id=\"e43a8e9\" data-element_type=\"widget\" data-e-type=\"widget\" data-widget_type=\"divider.default\">\n\t\t\t\t<div class=\"elementor-widget-container\">\n\t\t\t\t\t\t\t<div class=\"elementor-divider\">\n\t\t\t<span class=\"elementor-divider-separator\">\n\t\t\t\t\t\t<\/span>\n\t\t<\/div>\n\t\t\t\t\t\t<\/div>\n\t\t\t\t<\/div>\n\t\t\t\t<div class=\"elementor-element elementor-element-1ebb16e elementor-widget elementor-widget-text-editor\" data-id=\"1ebb16e\" data-element_type=\"widget\" data-e-type=\"widget\" data-widget_type=\"text-editor.default\">\n\t\t\t\t<div class=\"elementor-widget-container\">\n\t\t\t\t\t\t\t\t\t<p>Wir sind uns bewusst, dass unsere Branche einen Einfluss auf die Gesellschaft und die Umwelt um uns herum hat. Eine unserer Unternehmenss\u00e4ulen ist, dass wir zu einer nachhaltigen Zukunft beitragen wollen. Wir sind stets bestrebt, unsere Grundwerte Vertrauen, Respekt und Verantwortlichkeit mit unseren Herstellern, Subunternehmern, Verk\u00e4ufern und Lieferanten zu kommunizieren und zu verankern.<\/p>\t\t\t\t\t\t\t\t<\/div>\n\t\t\t\t<\/div>\n\t\t\t\t\t<\/div>\n\t\t<\/div>\n\t\t\t\t\t<\/div>\n\t\t<\/section>\n\t\t\t\t<section class=\"elementor-section elementor-top-section elementor-element elementor-element-cc42961 elementor-section-boxed elementor-section-height-default elementor-section-height-default\" data-id=\"cc42961\" data-element_type=\"section\" data-e-type=\"section\">\n\t\t\t\t\t\t<div class=\"elementor-container elementor-column-gap-default\">\n\t\t\t\t\t<div class=\"elementor-column elementor-col-50 elementor-top-column elementor-element elementor-element-4ee6352\" data-id=\"4ee6352\" data-element_type=\"column\" data-e-type=\"column\">\n\t\t\t<div class=\"elementor-widget-wrap elementor-element-populated\">\n\t\t\t\t\t\t<div class=\"elementor-element elementor-element-929a792 elementor-widget elementor-widget-image\" data-id=\"929a792\" data-element_type=\"widget\" data-e-type=\"widget\" data-widget_type=\"image.default\">\n\t\t\t\t<div class=\"elementor-widget-container\">\n\t\t\t\t\t\t\t\t\t\t\t\t\t\t\t<img decoding=\"async\" src=\"https:\/\/offenbachgroup.com\/wp-content\/uploads\/elementor\/thumbs\/2022_06_15_Offenbach_model48300-scaled-q44qupgdj8fvv49dxsb3kuetiaakdi5vba717ecxnk.jpg\" title=\"2022_06_15_Offenbach_model48300\" alt=\"2022_06_15_Offenbach_model48300\" loading=\"lazy\" \/>\t\t\t\t\t\t\t\t\t\t\t\t\t\t\t<\/div>\n\t\t\t\t<\/div>\n\t\t\t\t<div class=\"elementor-element elementor-element-6ca6056 elementor-widget-divider--view-line elementor-widget elementor-widget-divider\" data-id=\"6ca6056\" data-element_type=\"widget\" data-e-type=\"widget\" data-widget_type=\"divider.default\">\n\t\t\t\t<div class=\"elementor-widget-container\">\n\t\t\t\t\t\t\t<div class=\"elementor-divider\">\n\t\t\t<span class=\"elementor-divider-separator\">\n\t\t\t\t\t\t<\/span>\n\t\t<\/div>\n\t\t\t\t\t\t<\/div>\n\t\t\t\t<\/div>\n\t\t\t\t<div class=\"elementor-element elementor-element-08b153e elementor-widget elementor-widget-heading\" data-id=\"08b153e\" data-element_type=\"widget\" data-e-type=\"widget\" data-widget_type=\"heading.default\">\n\t\t\t\t<div class=\"elementor-widget-container\">\n\t\t\t\t\t<h3 class=\"elementor-heading-title elementor-size-default\">Produktportfolio und Design<\/h3>\t\t\t\t<\/div>\n\t\t\t\t<\/div>\n\t\t\t\t<div class=\"elementor-element elementor-element-53d2986 elementor-widget-divider--view-line elementor-widget elementor-widget-divider\" data-id=\"53d2986\" data-element_type=\"widget\" data-e-type=\"widget\" data-widget_type=\"divider.default\">\n\t\t\t\t<div class=\"elementor-widget-container\">\n\t\t\t\t\t\t\t<div class=\"elementor-divider\">\n\t\t\t<span class=\"elementor-divider-separator\">\n\t\t\t\t\t\t<\/span>\n\t\t<\/div>\n\t\t\t\t\t\t<\/div>\n\t\t\t\t<\/div>\n\t\t\t\t<div class=\"elementor-element elementor-element-1f0d908 elementor-widget elementor-widget-text-editor\" data-id=\"1f0d908\" data-element_type=\"widget\" data-e-type=\"widget\" data-widget_type=\"text-editor.default\">\n\t\t\t\t<div class=\"elementor-widget-container\">\n\t\t\t\t\t\t\t\t\t<p>Mit unserem Team von kreativen Fachleuten entwerfen wir die sch\u00f6nsten Lifestyle-Produkte. Unsere Produkte reichen von Modeschmuck und Uhren \u00fcber Kleidung und Schuhe bis hin zu Accessoires wie Handtaschen und Sonnenbrillen. Wenn Kunden bereits eine bekannte Marke haben, suchen wir nach Produkten, die ihre bestehende Kollektion erg\u00e4nzen und aufwerten. Die Offenbach Group besch\u00e4ftigt einige der erfahrensten Merchandiser in der Branche, um effizient mit Markeninhabern, Lizenzgebern und dergleichen zusammenzuarbeiten.<\/p>\t\t\t\t\t\t\t\t<\/div>\n\t\t\t\t<\/div>\n\t\t\t\t\t<\/div>\n\t\t<\/div>\n\t\t\t\t<div class=\"elementor-column elementor-col-50 elementor-top-column elementor-element elementor-element-e168a87\" data-id=\"e168a87\" data-element_type=\"column\" data-e-type=\"column\">\n\t\t\t<div class=\"elementor-widget-wrap elementor-element-populated\">\n\t\t\t\t\t\t<div class=\"elementor-element elementor-element-e88581d elementor-widget elementor-widget-image\" data-id=\"e88581d\" data-element_type=\"widget\" data-e-type=\"widget\" data-widget_type=\"image.default\">\n\t\t\t\t<div class=\"elementor-widget-container\">\n\t\t\t\t\t\t\t\t\t\t\t\t\t\t\t<img decoding=\"async\" width=\"1170\" height=\"469\" src=\"https:\/\/offenbachgroup.com\/wp-content\/uploads\/2022\/05\/quality-production-banner.jpg\" class=\"attachment-full size-full wp-image-124\" alt=\"\" srcset=\"https:\/\/offenbachgroup.com\/wp-content\/uploads\/2022\/05\/quality-production-banner.jpg 1170w, https:\/\/offenbachgroup.com\/wp-content\/uploads\/2022\/05\/quality-production-banner-300x120.jpg 300w, https:\/\/offenbachgroup.com\/wp-content\/uploads\/2022\/05\/quality-production-banner-1024x410.jpg 1024w, https:\/\/offenbachgroup.com\/wp-content\/uploads\/2022\/05\/quality-production-banner-768x308.jpg 768w\" sizes=\"(max-width: 1170px) 100vw, 1170px\" \/>\t\t\t\t\t\t\t\t\t\t\t\t\t\t\t<\/div>\n\t\t\t\t<\/div>\n\t\t\t\t<div class=\"elementor-element elementor-element-5314b0b elementor-widget-divider--view-line elementor-widget elementor-widget-divider\" data-id=\"5314b0b\" data-element_type=\"widget\" data-e-type=\"widget\" data-widget_type=\"divider.default\">\n\t\t\t\t<div class=\"elementor-widget-container\">\n\t\t\t\t\t\t\t<div class=\"elementor-divider\">\n\t\t\t<span class=\"elementor-divider-separator\">\n\t\t\t\t\t\t<\/span>\n\t\t<\/div>\n\t\t\t\t\t\t<\/div>\n\t\t\t\t<\/div>\n\t\t\t\t<div class=\"elementor-element elementor-element-fbe40c8 elementor-widget elementor-widget-heading\" data-id=\"fbe40c8\" data-element_type=\"widget\" data-e-type=\"widget\" data-widget_type=\"heading.default\">\n\t\t\t\t<div class=\"elementor-widget-container\">\n\t\t\t\t\t<h3 class=\"elementor-heading-title elementor-size-default\">Qualit\u00e4tsproduktion und Effizienz<\/h3>\t\t\t\t<\/div>\n\t\t\t\t<\/div>\n\t\t\t\t<div class=\"elementor-element elementor-element-da6a48e elementor-widget-divider--view-line elementor-widget elementor-widget-divider\" data-id=\"da6a48e\" data-element_type=\"widget\" data-e-type=\"widget\" data-widget_type=\"divider.default\">\n\t\t\t\t<div class=\"elementor-widget-container\">\n\t\t\t\t\t\t\t<div class=\"elementor-divider\">\n\t\t\t<span class=\"elementor-divider-separator\">\n\t\t\t\t\t\t<\/span>\n\t\t<\/div>\n\t\t\t\t\t\t<\/div>\n\t\t\t\t<\/div>\n\t\t\t\t<div class=\"elementor-element elementor-element-3f9e783 elementor-widget elementor-widget-text-editor\" data-id=\"3f9e783\" data-element_type=\"widget\" data-e-type=\"widget\" data-widget_type=\"text-editor.default\">\n\t\t\t\t<div class=\"elementor-widget-container\">\n\t\t\t\t\t\t\t\t\t<p>Unser Produktionsnetzwerk ist umfangreich und vielf\u00e4ltig mit \u00fcber 50 globalen Produktionspartnern, die alle zu den Besten in ihrem jeweiligen Fachgebiet geh\u00f6ren. Qualit\u00e4t und Liefergeschwindigkeit sind der Schl\u00fcssel zum Erfolg auf dem wettbewerbsintensiven Markt f\u00fcr Konsumg\u00fcter. Wir gew\u00e4hrleisten dies \u00fcber die gesamte Lieferkette hinweg: Auswahl der verwendeten Rohstoffe, Kontrolle der Produktionsprozesse, strenge Qualit\u00e4tskontrolle der Produkte, Etikettierung, Verpackung und Transport. Um das Fulfillment zu vervollst\u00e4ndigen, bieten wir auch Lagerhaltung und Drop-Shipping an.<\/p>\t\t\t\t\t\t\t\t<\/div>\n\t\t\t\t<\/div>\n\t\t\t\t\t<\/div>\n\t\t<\/div>\n\t\t\t\t\t<\/div>\n\t\t<\/section>\n\t\t\t\t<section class=\"elementor-section elementor-top-section elementor-element elementor-element-0fab588 elementor-section-boxed elementor-section-height-default elementor-section-height-default\" data-id=\"0fab588\" data-element_type=\"section\" data-e-type=\"section\">\n\t\t\t\t\t\t<div class=\"elementor-container elementor-column-gap-default\">\n\t\t\t\t\t<div class=\"elementor-column elementor-col-50 elementor-top-column elementor-element elementor-element-fd98c7b\" data-id=\"fd98c7b\" data-element_type=\"column\" data-e-type=\"column\">\n\t\t\t<div class=\"elementor-widget-wrap elementor-element-populated\">\n\t\t\t\t\t\t<div class=\"elementor-element elementor-element-ab12cda elementor-widget elementor-widget-image\" data-id=\"ab12cda\" data-element_type=\"widget\" data-e-type=\"widget\" data-widget_type=\"image.default\">\n\t\t\t\t<div class=\"elementor-widget-container\">\n\t\t\t\t\t\t\t\t\t\t\t\t\t\t\t<img decoding=\"async\" src=\"https:\/\/offenbachgroup.com\/wp-content\/uploads\/elementor\/thumbs\/Beurzen-rjyft4ub7zv5ilsdrz2lti69kfjugk44zcmdbky8gw.jpg\" title=\"Beurzen\" alt=\"Beurzen\" loading=\"lazy\" \/>\t\t\t\t\t\t\t\t\t\t\t\t\t\t\t<\/div>\n\t\t\t\t<\/div>\n\t\t\t\t<div class=\"elementor-element elementor-element-c87bbc1 elementor-widget-divider--view-line elementor-widget elementor-widget-divider\" data-id=\"c87bbc1\" data-element_type=\"widget\" data-e-type=\"widget\" data-widget_type=\"divider.default\">\n\t\t\t\t<div class=\"elementor-widget-container\">\n\t\t\t\t\t\t\t<div class=\"elementor-divider\">\n\t\t\t<span class=\"elementor-divider-separator\">\n\t\t\t\t\t\t<\/span>\n\t\t<\/div>\n\t\t\t\t\t\t<\/div>\n\t\t\t\t<\/div>\n\t\t\t\t<div class=\"elementor-element elementor-element-06e0804 elementor-widget elementor-widget-heading\" data-id=\"06e0804\" data-element_type=\"widget\" data-e-type=\"widget\" data-widget_type=\"heading.default\">\n\t\t\t\t<div class=\"elementor-widget-container\">\n\t\t\t\t\t<h3 class=\"elementor-heading-title elementor-size-default\">Messen<\/h3>\t\t\t\t<\/div>\n\t\t\t\t<\/div>\n\t\t\t\t<div class=\"elementor-element elementor-element-2b401f4 elementor-widget-divider--view-line elementor-widget elementor-widget-divider\" data-id=\"2b401f4\" data-element_type=\"widget\" data-e-type=\"widget\" data-widget_type=\"divider.default\">\n\t\t\t\t<div class=\"elementor-widget-container\">\n\t\t\t\t\t\t\t<div class=\"elementor-divider\">\n\t\t\t<span class=\"elementor-divider-separator\">\n\t\t\t\t\t\t<\/span>\n\t\t<\/div>\n\t\t\t\t\t\t<\/div>\n\t\t\t\t<\/div>\n\t\t\t\t<div class=\"elementor-element elementor-element-48d0ea1 elementor-widget elementor-widget-text-editor\" data-id=\"48d0ea1\" data-element_type=\"widget\" data-e-type=\"widget\" data-widget_type=\"text-editor.default\">\n\t\t\t\t<div class=\"elementor-widget-container\">\n\t\t\t\t\t\t\t\t\t<p>Die Offenbach-Gruppe nimmt regelm\u00e4\u00dfig an nationalen und internationalen Messen teil. Diese Veranstaltungen bieten uns die M\u00f6glichkeit, neue Kollektionen vorzustellen, neue Trends zu pr\u00e4sentieren und mit bestehenden und neuen Partnern in Kontakt zu treten.<br \/>Wir sind u.a. auf folgenden Veranstaltungen vertreten:<\/p><ul><li>HKTDC-Schmuckausstellung<\/li><li>Vicenzaoro<\/li><li>Inhorgenta<\/li><\/ul><p>Messen sind f\u00fcr uns eine wichtige Plattform f\u00fcr den Austausch von Inspirationen und den Dialog mit dem Markt. Wir freuen uns darauf, Sie dort zu treffen.<\/p>\t\t\t\t\t\t\t\t<\/div>\n\t\t\t\t<\/div>\n\t\t\t\t\t<\/div>\n\t\t<\/div>\n\t\t\t\t<div class=\"elementor-column elementor-col-50 elementor-top-column elementor-element elementor-element-7c4877f\" data-id=\"7c4877f\" data-element_type=\"column\" data-e-type=\"column\">\n\t\t\t<div class=\"elementor-widget-wrap elementor-element-populated\">\n\t\t\t\t\t\t<div class=\"elementor-element elementor-element-2ec91d7 elementor-widget elementor-widget-image\" data-id=\"2ec91d7\" data-element_type=\"widget\" data-e-type=\"widget\" data-widget_type=\"image.default\">\n\t\t\t\t<div class=\"elementor-widget-container\">\n\t\t\t\t\t\t\t\t\t\t\t\t\t\t\t<img loading=\"lazy\" decoding=\"async\" width=\"1170\" height=\"469\" src=\"https:\/\/offenbachgroup.com\/wp-content\/uploads\/2026\/03\/Showroom.jpg\" class=\"attachment-full size-full wp-image-3998\" alt=\"\" srcset=\"https:\/\/offenbachgroup.com\/wp-content\/uploads\/2026\/03\/Showroom.jpg 1170w, https:\/\/offenbachgroup.com\/wp-content\/uploads\/2026\/03\/Showroom-300x120.jpg 300w, https:\/\/offenbachgroup.com\/wp-content\/uploads\/2026\/03\/Showroom-1024x410.jpg 1024w, https:\/\/offenbachgroup.com\/wp-content\/uploads\/2026\/03\/Showroom-768x308.jpg 768w, https:\/\/offenbachgroup.com\/wp-content\/uploads\/2026\/03\/Showroom-18x7.jpg 18w\" sizes=\"(max-width: 1170px) 100vw, 1170px\" \/>\t\t\t\t\t\t\t\t\t\t\t\t\t\t\t<\/div>\n\t\t\t\t<\/div>\n\t\t\t\t<div class=\"elementor-element elementor-element-b9ab452 elementor-widget-divider--view-line elementor-widget elementor-widget-divider\" data-id=\"b9ab452\" data-element_type=\"widget\" data-e-type=\"widget\" data-widget_type=\"divider.default\">\n\t\t\t\t<div class=\"elementor-widget-container\">\n\t\t\t\t\t\t\t<div class=\"elementor-divider\">\n\t\t\t<span class=\"elementor-divider-separator\">\n\t\t\t\t\t\t<\/span>\n\t\t<\/div>\n\t\t\t\t\t\t<\/div>\n\t\t\t\t<\/div>\n\t\t\t\t<div class=\"elementor-element elementor-element-3d31db3 elementor-widget elementor-widget-heading\" data-id=\"3d31db3\" data-element_type=\"widget\" data-e-type=\"widget\" data-widget_type=\"heading.default\">\n\t\t\t\t<div class=\"elementor-widget-container\">\n\t\t\t\t\t<h3 class=\"elementor-heading-title elementor-size-default\">Ausstellungsraum<\/h3>\t\t\t\t<\/div>\n\t\t\t\t<\/div>\n\t\t\t\t<div class=\"elementor-element elementor-element-f3ca0f6 elementor-widget-divider--view-line elementor-widget elementor-widget-divider\" data-id=\"f3ca0f6\" data-element_type=\"widget\" data-e-type=\"widget\" data-widget_type=\"divider.default\">\n\t\t\t\t<div class=\"elementor-widget-container\">\n\t\t\t\t\t\t\t<div class=\"elementor-divider\">\n\t\t\t<span class=\"elementor-divider-separator\">\n\t\t\t\t\t\t<\/span>\n\t\t<\/div>\n\t\t\t\t\t\t<\/div>\n\t\t\t\t<\/div>\n\t\t\t\t<div class=\"elementor-element elementor-element-11fefc5 elementor-widget elementor-widget-text-editor\" data-id=\"11fefc5\" data-element_type=\"widget\" data-e-type=\"widget\" data-widget_type=\"text-editor.default\">\n\t\t\t\t<div class=\"elementor-widget-container\">\n\t\t\t\t\t\t\t\t\t<p>Unser Showroom ist das Herzst\u00fcck der Offenbach Group. Hier pr\u00e4sentieren wir unsere Kollektionen in einer inspirierenden Umgebung, in der Qualit\u00e4t, Design und die Liebe zum Detail zusammenkommen. Kunden und Partner haben die M\u00f6glichkeit, unsere Produkte aus n\u00e4chster N\u00e4he zu erleben und sich von unserem Team pers\u00f6nlich beraten zu lassen. Der Showroom ist so konzipiert, dass er einen klaren \u00dcberblick \u00fcber unsere Marken und Kollektionen bietet. Wir sind der Meinung, dass Produkte erst dann richtig zum Leben erwachen, wenn man sie pers\u00f6nlich erlebt.<\/p><p>Wir laden Sie herzlich ein, einen pers\u00f6nlichen Termin zu vereinbaren, entweder per Telefon oder per E-Mail. Bei diesem Treffen besprechen wir gerne die verschiedenen M\u00f6glichkeiten, egal ob Sie an der Entwicklung Ihrer eigenen privaten Schmucklinie interessiert sind oder kuratierte Kollektionen f\u00fcr Ihr Juweliergesch\u00e4ft erkunden m\u00f6chten. Unser Team wird Sie bei jedem Schritt des Prozesses begleiten und Sie individuell beraten, um die beste L\u00f6sung f\u00fcr Ihr Unternehmen zu finden. Unser Ziel ist es, eine Partnerschaft aufzubauen, die auf Vertrauen, Fachwissen und gemeinsamem Erfolg beruht.<\/p><p>Buchen Sie noch heute Ihren pers\u00f6nlichen Termin im Showroom und entdecken Sie die M\u00f6glichkeiten mit unserem Team. Kontaktieren Sie uns per <a href=\"tel:+31886644100\">Telefon<\/a> oder <a href=\"https:\/\/offenbachgroup.com\/de\/contact\/\">E-Mail<\/a> um Ihr Beratungsgespr\u00e4ch zu vereinbaren. Wir freuen uns darauf, Sie begr\u00fc\u00dfen zu d\u00fcrfen.<\/p>\t\t\t\t\t\t\t\t<\/div>\n\t\t\t\t<\/div>\n\t\t\t\t\t<\/div>\n\t\t<\/div>\n\t\t\t\t\t<\/div>\n\t\t<\/section>\n\t\t\t\t<\/div>","protected":false},"excerpt":{"rendered":"<p>About us Brand Development\u200b Growing brands in the fashion jewelry and accessories industry takes exceptional coordination, experience and perseverance, at The Offenbach Group we have more than three decades of experience in just that! We are the trusted partner for many brands around the world, whether just starting or already developed brands under our support [&hellip;]<\/p>\n","protected":false},"author":2,"featured_media":0,"parent":0,"menu_order":0,"comment_status":"closed","ping_status":"closed","template":"","meta":{"footnotes":""},"class_list":["post-2212","page","type-page","status-publish","hentry"],"_links":{"self":[{"href":"https:\/\/offenbachgroup.com\/de\/wp-json\/wp\/v2\/pages\/2212","targetHints":{"allow":["GET"]}}],"collection":[{"href":"https:\/\/offenbachgroup.com\/de\/wp-json\/wp\/v2\/pages"}],"about":[{"href":"https:\/\/offenbachgroup.com\/de\/wp-json\/wp\/v2\/types\/page"}],"author":[{"embeddable":true,"href":"https:\/\/offenbachgroup.com\/de\/wp-json\/wp\/v2\/users\/2"}],"replies":[{"embeddable":true,"href":"https:\/\/offenbachgroup.com\/de\/wp-json\/wp\/v2\/comments?post=2212"}],"version-history":[{"count":25,"href":"https:\/\/offenbachgroup.com\/de\/wp-json\/wp\/v2\/pages\/2212\/revisions"}],"predecessor-version":[{"id":4003,"href":"https:\/\/offenbachgroup.com\/de\/wp-json\/wp\/v2\/pages\/2212\/revisions\/4003"}],"wp:attachment":[{"href":"https:\/\/offenbachgroup.com\/de\/wp-json\/wp\/v2\/media?parent=2212"}],"curies":[{"name":"wp","href":"https:\/\/api.w.org\/{rel}","templated":true}]}}